{"id":4503,"date":"2015-03-30T01:24:26","date_gmt":"2015-03-29T18:24:26","guid":{"rendered":"https:\/\/ketoanminhkhai.webtogo.vn\/services\/invoice-consulting\/"},"modified":"2024-05-06T11:32:18","modified_gmt":"2024-05-06T04:32:18","slug":"invoice-consulting","status":"publish","type":"page","link":"https:\/\/ketoanhcm.vn\/en\/services\/invoice-consulting\/","title":{"rendered":"Invoice Consulting"},"content":{"rendered":"<div class=\"row align-center\"  id=\"row-492269727\">\n\r\n\t<div id=\"col-512536990\" class=\"col medium-10 small-12 large-10\"  >\r\n\t\t\t\t<div class=\"col-inner\"  >\r\n\t\t\t\r\n\t\t\t\n<h2>H\u00f3a \u0111\u01a1n l\u00e0 g\u00ec? H\u00f3a \u0111\u01a1n gi\u00e1 tr\u1ecb gia t\u0103ng l\u00e0 g\u00ec?<\/h2>\n<p>H\u00f3a \u0111\u01a1n l\u00e0 ch\u1ee9ng t\u1eeb th\u1ec3 hi\u1ec7n doanh thu trong ho\u1ea1t \u0111\u1ed9ng kinh doanh c\u1ee7a m\u1ed7i doanh nghi\u1ec7p. N\u00f3 kh\u00f4ng ch\u1ec9 l\u00e0 c\u00f4ng c\u1ee5 \u0111\u1ec3 th\u1ec3 hi\u1ec7n doanh thu, m\u00e0 c\u00f2n \u0111\u1ea3m nh\u1eadn vai tr\u00f2 quan tr\u1ecdng trong vi\u1ec7c ghi nh\u1eadn v\u00e0 x\u00e1c nh\u1eadn c\u00e1c giao d\u1ecbch mua b\u00e1n.<\/p>\n<p>Khi ph\u00e1t sinh b\u1ea5t k\u1ef3 giao d\u1ecbch mua b\u00e1n n\u00e0o, doanh nghi\u1ec7p ph\u1ea3i t\u1ea1o ra h\u00f3a \u0111\u01a1n \u0111\u1ec3 th\u1ec3 hi\u1ec7n t\u1ed5ng s\u1ed1 l\u01b0\u1ee3ng v\u00e0 gi\u00e1 tr\u1ecb c\u1ee7a ph\u00e1t sinh \u0111\u00f3. H\u00f3a \u0111\u01a1n kh\u00f4ng ch\u1ec9 mang t\u00ednh ch\u1ea5t h\u1ee3p ph\u00e1p, m\u00e0 c\u00f2n l\u00e0 c\u0103n c\u1ee9 \u0111\u1ec3 ki\u1ec3m so\u00e1t v\u00e0 qu\u1ea3n l\u00fd t\u00ecnh h\u00ecnh kinh doanh.<\/p>\n<p>Hi\u1ec7n nay, h\u00f3a \u0111\u01a1n \u0111\u01b0\u1ee3c s\u1eed d\u1ee5ng r\u1ed9ng r\u00e3i trong c\u00e1c doanh nghi\u1ec7p th\u00f4ng qua H\u00f3a \u0111\u01a1n Gi\u00e1 tr\u1ecb gia t\u0103ng (VAT invoice). H\u00f3a \u0111\u01a1n gi\u00e1 tr\u1ecb gia t\u0103ng l\u00e0 h\u00f3a \u0111\u01a1n \u00e1p d\u1ee5ng cho c\u00e1c t\u1ed5 ch\u1ee9c k\u00ea khai v\u00e0 t\u00ednh thu\u1ebf GTGT theo ph\u01b0\u01a1ng ph\u00e1p kh\u1ea5u tr\u1eeb trong ho\u1ea1t \u0111\u1ed9ng kinh doanh, mua b\u00e1n h\u00e0ng h\u00f3a d\u1ecbch v\u1ee5 trong n\u01b0\u1edbc. Tr\u00ean h\u00f3a \u0111\u01a1n ghi r\u00f5 th\u00f4ng tin c\u1ee7a \u0111\u01a1n v\u1ecb mua v\u00e0 \u0111\u01a1n v\u1ecb b\u00e1n, th\u1ec3 hi\u1ec7n \u0111\u01b0\u1ee3c gi\u00e1 tr\u1ecb t\u0103ng th\u00eam c\u1ee7a ho\u1ea1t \u0111\u1ed9ng mua b\u00e1n n\u00ean \u0111\u01b0\u1ee3c g\u1ecdi l\u00e0 gi\u00e1 tr\u1ecb gia t\u0103ng. Th\u00f4ng th\u01b0\u1eddng h\u00f3a \u0111\u01a1n GTGT \u0111\u01b0\u1ee3c nhi\u1ec1u ng\u01b0\u1eddi s\u1eed d\u1ee5ng v\u1edbi t\u00ean g\u1ecdi l\u00e0 H\u00f3a \u0111\u01a1n \u0111\u1ecf ch\u1ec9 \u0111\u01a1n gi\u1ea3n v\u00ec h\u00f3a \u0111\u01a1n GTGT li\u00ean 2 giao cho ng\u01b0\u1eddi mua th\u00f4ng th\u01b0\u1eddng c\u00f3 m\u00e0u \u0111\u1ecf ho\u1eb7c m\u00e0u h\u1ed3ng.<\/p>\n<p>\u0110\u1ec3 \u0111\u1ea3m b\u1ea3o t\u00ednh ch\u00ednh x\u00e1c v\u00e0 h\u1ee3p ph\u00e1p trong vi\u1ec7c ph\u00e1t h\u00e0nh H\u00f3a \u0111\u01a1n GTGT, c\u00e1c doanh nghi\u1ec7p c\u1ea7n tu\u00e2n th\u1ee7 quy \u0111\u1ecbnh v\u1ec1 t\u00ednh thu\u1ebf theo ph\u01b0\u01a1ng ph\u00e1p kh\u1ea5u tr\u1eeb. Ph\u01b0\u01a1ng ph\u00e1p n\u00e0y y\u00eau c\u1ea7u doanh nghi\u1ec7p t\u00ednh to\u00e1n s\u1ed1 ti\u1ec1n thu\u1ebf GTGT d\u1ef1a tr\u00ean t\u1ea1m \u1ee9ng thu\u1ebf \u0111\u00e3 n\u1ed9p v\u00e0 c\u00e1c kho\u1ea3n kh\u1ea5u tr\u1eeb \u0111\u01b0\u1ee3c \u00e1p d\u1ee5ng cho ho\u1ea1t \u0111\u1ed9ng kinh doanh c\u1ee7a m\u00ecnh.<\/p>\n<p>\u0110\u1ec3 s\u1eed d\u1ee5ng ph\u01b0\u01a1ng ph\u00e1p kh\u1ea5u tr\u1eeb, doanh nghi\u1ec7p c\u1ea7n \u0111\u0103ng k\u00fd v\u1edbi c\u01a1 quan thu\u1ebf c\u00f3 th\u1ea9m quy\u1ec1n. Qua quy tr\u00ecnh n\u00e0y, c\u00e1c th\u00f4ng tin li\u00ean quan \u0111\u1ebfn vi\u1ec7c t\u00ednh thu\u1ebf theo ph\u01b0\u01a1ng ph\u00e1p kh\u1ea5u tr\u1eeb s\u1ebd \u0111\u01b0\u1ee3c ghi nh\u1eadn v\u00e0 c\u00f4ng nh\u1eadn b\u1edfi c\u01a1 quan thu\u1ebf. \u0110i\u1ec1u n\u00e0y gi\u00fap \u0111\u1ea3m b\u1ea3o r\u1eb1ng c\u00e1c h\u00f3a \u0111\u01a1n GTGT \u0111\u01b0\u1ee3c doanh nghi\u1ec7p ph\u00e1t h\u00e0nh l\u00e0 ho\u00e0n to\u00e0n tu\u00e2n th\u1ee7 theo quy \u0111\u1ecbnh c\u1ee7a lu\u1eadt.<\/p>\n<p>V\u1edbi t\u01b0 v\u1ea5n h\u00f3a \u0111\u01a1n, ch\u00fang t\u00f4i c\u00f3 th\u1ec3 gi\u00fap b\u1ea1n hi\u1ec3u r\u00f5 h\u01a1n v\u1ec1 quy tr\u00ecnh v\u00e0 y\u00eau c\u1ea7u \u0111\u1ec3 ph\u00e1t h\u00e0nh H\u00f3a \u0111\u01a1n GTGT. Ch\u00fang t\u00f4i s\u1ebd ch\u1ec9 b\u1ea1n nh\u1eefng b\u01b0\u1edbc c\u1ee5 th\u1ec3 c\u1ea7n th\u1ef1c hi\u1ec7n v\u00e0 gi\u1ea3i \u0111\u00e1p m\u1ecdi th\u1eafc m\u1eafc li\u00ean quan \u0111\u1ebfn vi\u1ec7c t\u00ednh thu\u1ebf v\u00e0 \u0111\u0103ng k\u00fd ph\u01b0\u01a1ng ph\u00e1p kh\u1ea5u tr\u1eeb.<\/p>\n<h2>Nh\u1eefng v\u1ea5n \u0111\u1ec1 \u0111\u01b0\u1ee3c h\u1ed7 tr\u1ee3 trong d\u1ecbch v\u1ee5 t\u01b0 v\u1ea5n v\u1ec1 h\u00f3a \u0111\u01a1n<\/h2>\n<h3>\u0110\u0103ng k\u00fd s\u1eed d\u1ee5ng ph\u01b0\u01a1ng ph\u00e1p t\u00ednh thu\u1ebf<\/h3>\n<p>Ch\u00ednh vi\u1ec7c \u0111\u0103ng k\u00fd s\u1eed d\u1ee5ng ph\u01b0\u01a1ng ph\u00e1p t\u00ednh thu\u1ebf \u0111\u00e3 tr\u1edf th\u00e0nh m\u1ed9t y\u00eau c\u1ea7u quan tr\u1ecdng \u0111\u1ed1i v\u1edbi c\u00e1c doanh nghi\u1ec7p t\u1eeb khi m\u1edbi th\u00e0nh l\u1eadp. C\u00f3 hai ph\u01b0\u01a1ng ph\u00e1p ch\u00ednh \u0111\u1ec3 t\u00ednh thu\u1ebf, \u0111\u00f3 l\u00e0 ph\u01b0\u01a1ng ph\u00e1p kh\u1ea5u tr\u1eeb v\u00e0 ph\u01b0\u01a1ng ph\u00e1p tr\u1ef1c ti\u1ebfp. Tuy nhi\u00ean, th\u00f4ng th\u01b0\u1eddng h\u1ea7u h\u1ebft c\u00e1c doanh nghi\u1ec7p \u0111\u1ec1u s\u1eed d\u1ee5ng ph\u01b0\u01a1ng ph\u00e1p kh\u1ea5u tr\u1eeb trong quy tr\u00ecnh t\u00ednh thu\u1ebf c\u1ee7a m\u00ecnh.<\/p>\n<p>Ph\u01b0\u01a1ng ph\u00e1p kh\u1ea5u tr\u1eeb cho ph\u00e9p doanh nghi\u1ec7p gi\u1ea3m s\u1ed1 ti\u1ec1n thu\u1ebf c\u1ea7n n\u1ed9p b\u1eb1ng c\u00e1ch kh\u1ea5u tr\u1eeb c\u00e1c kho\u1ea3n chi ti\u00eau h\u1ee3p l\u1ec7 trong quy\u1ebft to\u00e1n thu\u1ebf h\u00e0ng th\u00e1ng ho\u1eb7c h\u00e0ng qu\u00fd. \u0110\u00e2y l\u00e0 m\u1ed9t c\u00e1ch linh ho\u1ea1t v\u00e0 ti\u1ec7n l\u1ee3i, cho ph\u00e9p doanh nghi\u1ec7p ki\u1ec3m so\u00e1t \u0111\u01b0\u1ee3c s\u1ed1 ti\u1ec1n thu\u1ebf \u0111\u01b0\u1ee3c gi\u1ea3m v\u00e0 t\u1ed1i \u01b0u h\u00f3a ng\u00e2n s\u00e1ch c\u1ee7a m\u00ecnh. Ri\u00eang ph\u01b0\u01a1ng ph\u00e1p tr\u1ef1c ti\u1ebfp th\u01b0\u1eddng d\u00e0nh ri\u00eang cho c\u00e1 nh\u00e2n ho\u1eb7c h\u1ed9 kinh doanh c\u00e1 th\u1ec3 \u0111\u00f3ng thu\u1ebf kho\u00e1n theo quy \u0111\u1ecbnh.<\/p>\n<h3>\u0110\u0103ng k\u00fd s\u1eed d\u1ee5ng h\u00f3a \u0111\u01a1n t\u1ef1 in, \u0111\u1eb7t in<\/h3>\n<p>Quy tr\u00ecnh \u0111\u0103ng k\u00fd t\u00ednh thu\u1ebf theo ph\u01b0\u01a1ng ph\u00e1p kh\u1ea5u tr\u1eeb doanh nghi\u1ec7p l\u00e0 m\u1ed9t quy tr\u00ecnh quan tr\u1ecdng v\u00e0 h\u1ee3p ph\u00e1p trong vi\u1ec7c ho\u1ea1t \u0111\u1ed9ng kinh doanh. Sau khi ho\u00e0n t\u1ea5t quy tr\u00ecnh n\u00e0y, c\u00e1c doanh nghi\u1ec7p s\u1ebd c\u1ea7n ti\u1ebfn h\u00e0nh \u0111\u0103ng k\u00fd s\u1eed d\u1ee5ng h\u00f3a \u0111\u01a1n t\u1ef1 in ho\u1eb7c \u0111\u1eb7t in.<\/p>\n<p>C\u00e1c doanh nghi\u1ec7p \u0111\u00e3 \u0111\u01b0\u1ee3c th\u00e0nh l\u1eadp trong th\u1eddi gian d\u00e0i c\u00f3 th\u1ec3 l\u1ef1a ch\u1ecdn gi\u1eefa s\u1eed d\u1ee5ng h\u00f3a \u0111\u01a1n t\u1ef1 in ho\u1eb7c h\u00f3a \u0111\u01a1n \u0111\u1eb7t in. Tuy nhi\u00ean, nh\u1eefng doanh nghi\u1ec7p m\u1edbi th\u00e0nh l\u1eadp ch\u1ec9 \u0111\u01b0\u1ee3c ph\u00e9p s\u1eed d\u1ee5ng h\u00f3a \u0111\u01a1n \u0111\u1eb7t in.<\/p>\n<p>Sau khi doanh nghi\u1ec7p \u0111\u00e3 g\u1eedi h\u1ed3 s\u01a1 \u0111\u0103ng k\u00fd s\u1eed d\u1ee5ng h\u00f3a \u0111\u01a1n t\u1ef1 in ho\u1eb7c \u0111\u1eb7t in, c\u01a1 quan thu\u1ebf s\u1ebd ti\u1ebfn h\u00e0nh ki\u1ec3m tra t\u00ednh h\u1ee3p ph\u00e1p c\u1ee7a doanh nghi\u1ec7p. K\u1ebft qu\u1ea3 sau ki\u1ec3m tra n\u00e0y s\u1ebd \u0111\u01b0\u1ee3c c\u01a1 quan thu\u1ebf g\u1eedi v\u1ec1 cho doanh nghi\u1ec7p \u0111\u1ec3 th\u00f4ng b\u00e1o v\u1ec1 vi\u1ec7c ch\u1ea5p nh\u1eadn hay t\u1eeb ch\u1ed1i vi\u1ec7c s\u1eed d\u1ee5ng c\u00e1c lo\u1ea1i h\u00f3a \u0111\u01a1n.<\/p>\n<h3>\u0110\u1eb7t in h\u00f3a \u0111\u01a1n<\/h3>\n<p>H\u00f3a \u0111\u01a1n Gi\u00e1 Tr\u1ecb Gia T\u0103ng \u0111\u01b0\u1ee3c b\u1ed9 t\u00e0i ch\u00ednh quy \u0111\u1ecbnh chung v\u1ec1 m\u1eabu bi\u1ec3u, th\u00f4ng tin th\u1ec3 hi\u1ec7n tr\u00ean h\u00f3a \u0111\u01a1n v\u00ec v\u1eady c\u00e1c nh\u00e0 in ph\u1ea3i \u0111\u01b0\u1ee3c c\u1ea5p ph\u00e9p m\u1edbi c\u00f3 ch\u1ee9c n\u0103ng in h\u00f3a \u0111\u01a1n. D\u1ecbch v\u1ee5 c\u1ee7a ch\u00fang t\u00f4i s\u1ebd gi\u00fap qu\u00fd doanh nghi\u1ec7p kh\u00f4ng ch\u1ec9 gi\u1ea3m b\u1edbt g\u00e1nh n\u1eb7ng c\u00f4ng vi\u1ec7c li\u00ean quan \u0111\u1ebfn vi\u1ec7c chu\u1ea9n b\u1ecb v\u00e0 x\u1eed l\u00fd h\u00f3a \u0111\u01a1n GTGT, m\u00e0 c\u00f2n gi\u00fap b\u1ea1n ti\u1ebft ki\u1ec7m th\u1eddi gian v\u00e0 ngu\u1ed3n l\u1ef1c. Ch\u00fang t\u00f4i c\u00f3 ki\u1ebfn th\u1ee9c s\u00e2u r\u1ed9ng trong l\u0129nh v\u1ef1c n\u00e0y, lu\u00f4n theo d\u00f5i c\u00e1c thay \u0111\u1ed5i v\u00e0 \u0111i\u1ec1u ch\u1ec9nh t\u1eeb ph\u00eda B\u1ed9 T\u00e0i Ch\u00ednh \u0111\u1ec3 \u0111\u1ea3m b\u1ea3o b\u1ea1n lu\u00f4n tu\u00e2n th\u1ee7 c\u00e1c quy \u0111\u1ecbnh m\u1edbi nh\u1ea5t.<\/p>\n<p>M\u1ed9t \u0111i\u1ec3m \u0111\u1eb7c bi\u1ec7t l\u00e0 ch\u00fang t\u00f4i s\u1ebd h\u1ed7 tr\u1ee3 b\u1ea1n trong vi\u1ec7c li\u00ean k\u1ebft v\u1edbi c\u00e1c nh\u00e0 in \u0111\u01b0\u1ee3c c\u1ea5p ph\u00e9p. Ch\u00fang t\u00f4i \u0111\u00e3 thi\u1ebft l\u1eadp m\u1ed1i quan h\u1ec7 \u0111\u1ed1i t\u00e1c v\u1edbi \u0111a d\u1ea1ng nh\u00e0 in c\u00f3 ch\u1ea5t l\u01b0\u1ee3ng v\u00e0 uy t\u00edn. \u0110i\u1ec1u n\u00e0y gi\u00fap ch\u00fang t\u00f4i cung c\u1ea5p cho qu\u00fd doanh nghi\u1ec7p s\u1ef1 l\u1ef1a ch\u1ecdn r\u1ed9ng r\u00e3i v\u00e0 \u0111\u1ea3m b\u1ea3o r\u1eb1ng b\u1ea1n s\u1ebd \u0111\u01b0\u1ee3c h\u1ee3p t\u00e1c v\u1edbi m\u1ed9t nh\u00e0 in c\u00f3 kh\u1ea3 n\u0103ng \u0111\u00e1p \u1ee9ng y\u00eau c\u1ea7u c\u1ee7a B\u1ed9 T\u00e0i Ch\u00ednh.<\/p>\n<p>M\u1ed9t l\u1ee3i \u00edch quan tr\u1ecdng kh\u00e1c l\u00e0 ch\u00fang t\u00f4i cam k\u1ebft mang l\u1ea1i cho b\u1ea1n chi ph\u00ed th\u1ea5p nh\u1ea5t khi li\u00ean k\u1ebft v\u1edbi nh\u00e0 in. Ch\u00fang t\u00f4i hi\u1ec3u r\u1eb1ng vi\u1ec7c in h\u00f3a \u0111\u01a1n GTGT l\u00e0 m\u1ed9t chi ph\u00ed kh\u00f4ng th\u1ec3 tr\u00e1nh trong ho\u1ea1t \u0111\u1ed9ng kinh doanh h\u00e0ng ng\u00e0y c\u1ee7a b\u1ea1n, v\u00e0 v\u00ec v\u1eady, ch\u00fang t\u00f4i lu\u00f4n n\u1ed7 l\u1ef1c \u0111\u1ec3 mang l\u1ea1i cho b\u1ea1n gi\u00e1 tr\u1ecb cao nh\u1ea5t trong vi\u1ec7c li\u00ean k\u1ebft n\u00e0y.<\/p>\n<h3>Th\u00f4ng b\u00e1o ph\u00e1t h\u00e0nh h\u00f3a \u0111\u01a1n<\/h3>\n<p>Tr\u01b0\u1edbc khi s\u1eed d\u1ee5ng h\u00f3a \u0111\u01a1n Gi\u00e1 tr\u1ecb gia t\u0103ng (GTGT), c\u00e1c doanh nghi\u1ec7p c\u1ea7n ti\u1ebfn h\u00e0nh th\u00f4ng b\u00e1o ph\u00e1t h\u00e0nh v\u1edbi c\u01a1 quan thu\u1ebf qu\u1ea3n l\u00fd tr\u1ef1c ti\u1ebfp. \u0110i\u1ec1u n\u00e0y l\u00e0 c\u1ea7n thi\u1ebft \u0111\u1ec3 \u0111\u1ea3m b\u1ea3o t\u00ednh ph\u00e1p l\u00fd v\u00e0 tu\u00e2n th\u1ee7 quy \u0111\u1ecbnh c\u1ee7a ph\u00e1p lu\u1eadt.<\/p>\n<p>S\u1ed1 l\u01b0\u1ee3ng h\u00f3a \u0111\u01a1n GTGT m\u00e0 m\u1ed9t doanh nghi\u1ec7p c\u00f3 th\u1ec3 ph\u00e1t h\u00e0nh ph\u1ee5 thu\u1ed9c v\u00e0o nhi\u1ec1u y\u1ebfu t\u1ed1 kh\u00e1c nhau, bao g\u1ed3m t\u00ecnh h\u00ecnh ho\u1ea1t \u0111\u1ed9ng kinh doanh v\u00e0 y\u00eau c\u1ea7u c\u1ee7a t\u1eebng lo\u1ea1i h\u00f3a \u0111\u01a1n. Vi\u1ec7c x\u00e1c \u0111\u1ecbnh s\u1ed1 l\u01b0\u1ee3ng n\u00e0y l\u00e0 r\u1ea5t quan tr\u1ecdng \u0111\u1ec3 tr\u00e1nh vi ph\u1ea1m quy \u0111\u1ecbnh v\u1ec1 vi\u1ec7c s\u1eed d\u1ee5ng v\u00e0 ph\u00e1t h\u00e0nh c\u00e1c lo\u1ea1i h\u00f3a \u0111\u01a1n.<\/p>\n<p>\u0110\u1ec3 th\u1ef1c hi\u1ec7n vi\u1ec7c ph\u00e1t h\u00e0nh c\u00e1c lo\u1ea1i h\u00f3a \u0111\u01a1n GTGT, doanh nghi\u1ec7p c\u1ea7n tu\u00e2n theo quy tr\u00ecnh v\u00e0 \u0111i\u1ec1u ki\u1ec7n \u0111\u01b0\u1ee3c quy \u0111\u1ecbnh. \u0110\u0103ng k\u00fd ph\u00e1t h\u00e0nh t\u1eebng l\u1ea7n theo quy \u0111\u1ecbnh gi\u00fap b\u1ea3o m\u1eadt th\u00f4ng tin v\u00e0 x\u00e1c nh\u1eadn r\u1eb1ng vi\u1ec7c s\u1eed d\u1ee5ng c\u00e1c lo\u1ea1i h\u00f3a \u0111\u01a1n n\u00e0y \u0111\u01b0\u1ee3c th\u1ef1c hi\u1ec7n m\u1ed9t c\u00e1ch ch\u00ednh x\u00e1c v\u00e0 minh b\u1ea1ch.<\/p>\n<h3>H\u01b0\u1edbng d\u1eabn s\u1eed d\u1ee5ng<\/h3>\n<p>H\u00f3a \u0111\u01a1n l\u00e0 lo\u1ea1i ch\u1ee9ng t\u1eeb \u0111\u01b0\u1ee3c quy \u0111\u1ecbnh c\u1ee5 th\u1ec3 v\u00e0 ch\u00ednh x\u00e1c, h\u00f3a \u0111\u01a1n mang trong m\u00ecnh nh\u1eefng th\u00f4ng tin quan tr\u1ecdng v\u1ec1 giao d\u1ecbch mua b\u00e1n v\u00e0 thanh to\u00e1n. Khi s\u1eed d\u1ee5ng h\u00f3a \u0111\u01a1n, c\u00e1c doanh nghi\u1ec7p c\u1ea7n tu\u00e2n th\u1ee7 c\u00e1c quy t\u1eafc c\u01a1 b\u1ea3n \u0111\u1ec3 \u0111\u1ea3m b\u1ea3o t\u00ednh h\u1ee3p ph\u00e1p v\u00e0 minh b\u1ea1ch c\u1ee7a c\u00e1c giao d\u1ecbch. Th\u1ee9 t\u1ef1 v\u00e0 th\u1eddi gian ph\u00e1t sinh h\u00f3a \u0111\u01a1n ph\u1ea3i tu\u00e2n theo quy \u0111\u1ecbnh c\u1ee7a ph\u00e1p lu\u1eadt v\u00e0 ph\u00f9 h\u1ee3p v\u1edbi ho\u1ea1t \u0111\u1ed9ng kinh doanh c\u1ee7a c\u00f4ng ty.<\/p>\n<p>D\u1ecbch v\u1ee5 t\u01b0 v\u1ea5n h\u00f3a \u0111\u01a1n c\u1ee7a ch\u00fang t\u00f4i s\u1ebd gi\u00fap cho doanh nghi\u1ec7p hi\u1ec3u r\u00f5 nh\u1eefng y\u00eau c\u1ea7u v\u00e0 quy t\u1eafc li\u00ean quan \u0111\u1ebfn vi\u1ec7c l\u1eadp h\u00f3a \u0111\u01a1n. T\u01b0 v\u1ea5n chuy\u00ean nghi\u1ec7p s\u1ebd gi\u00fap b\u1ea1n x\u00e1c \u0111\u1ecbnh \u0111\u01b0\u1ee3c th\u1ee9 t\u1ef1 v\u00e0 th\u1eddi gian ph\u00e1t sinh h\u00f3a \u0111\u01a1n sao cho chu\u1ea9n x\u00e1c v\u00e0 tu\u00e2n theo quy\u1ec1n l\u1ee3i c\u1ee7a c\u00f4ng ty.<\/p>\n<p>Ngo\u00e0i vi\u1ec7c quan t\u00e2m \u0111\u1ebfn H\u00f3a \u0111\u01a1n Gi\u00e1 tr\u1ecb gia t\u0103ng (VAT) \u0111\u1ea7u ra, c\u00e1c doanh nghi\u1ec7p c\u0169ng c\u1ea7n ch\u00fa tr\u1ecdng \u0111\u1ebfn vi\u1ec7c x\u1eed l\u00fd v\u00e0 qu\u1ea3n l\u00fd H\u00f3a \u0111\u01a1n VAT \u0111\u1ea7u v\u00e0o. \u0110i\u1ec1u n\u00e0y l\u00e0 r\u1ea5t quan tr\u1ecdng \u0111\u1ec3 \u0111\u1ea3m b\u1ea3o t\u00ednh h\u1ee3p ph\u00e1p c\u1ee7a c\u00e1c h\u00f3a \u0111\u01a1n n\u00e0y v\u00e0 s\u1eed d\u1ee5ng ch\u00fang nh\u01b0 c\u0103n c\u1ee9 \u0111\u1ec3 c\u00e2n \u0111\u1ed1i s\u1ed1 thu\u1ebf VAT ph\u00e1t sinh trong k\u1ef3. T\u01b0 v\u1ea5n v\u1ec1 h\u00f3a \u0111\u01a1n l\u00e0 m\u1ed9t y\u1ebfu t\u1ed1 kh\u00f4ng th\u1ec3 thi\u1ebfu trong vi\u1ec7c qu\u1ea3n l\u00fd thu\u1ebf c\u1ee7a doanh nghi\u1ec7p. C\u00e1c doanh nghi\u1ec7p c\u1ea7n s\u1ef1 t\u01b0 v\u1ea5n chuy\u00ean s\u00e2u \u0111\u1ec3 hi\u1ec3u r\u00f5 c\u00e1c quy \u0111\u1ecbnh, lu\u1eadt l\u1ec7 li\u00ean quan v\u00e0 \u00e1p d\u1ee5ng ch\u00ednh x\u00e1c v\u00e0o ho\u1ea1t \u0111\u1ed9ng kinh doanh c\u1ee7a m\u00ecnh.<\/p>\n<h2>Li\u00ean l\u1ea1c ngay v\u1edbi ch\u00fang t\u00f4i khi b\u1ea1n c\u1ea7n h\u1ed7 tr\u1ee3 t\u01b0 v\u1ea5n v\u1ec1 h\u00f3a \u0111\u01a1n<\/h2>\n<p>B\u1ea1n \u0111ang g\u1eb7p kh\u00f3 kh\u0103n trong vi\u1ec7c t\u01b0 v\u1ea5n v\u1ec1 h\u00f3a \u0111\u01a1n? \u0110\u1eebng lo l\u1eafng, ch\u00fang t\u00f4i \u1edf \u0111\u00e2y \u0111\u1ec3 gi\u00fap b\u1ea1n. V\u1edbi nhi\u1ec1u n\u0103m kinh nghi\u1ec7m trong l\u0129nh v\u1ef1c n\u00e0y, ch\u00fang t\u00f4i t\u1ef1 tin r\u1eb1ng s\u1ebd cung c\u1ea5p cho b\u1ea1n nh\u1eefng gi\u1ea3i ph\u00e1p v\u00e0 t\u01b0 v\u1ea5n chuy\u00ean nghi\u1ec7p nh\u1ea5t.<\/p>\n<p>V\u1edbi kinh nghi\u1ec7m l\u00e2u n\u0103m v\u00e0 ki\u1ebfn th\u1ee9c chuy\u00ean m\u00f4n s\u00e2u r\u1ed9ng, \u0111\u1ed9i ng\u0169 nh\u00e2n vi\u00ean c\u1ee7a ch\u00fang t\u00f4i \u0111\u00e3 tr\u1edf th\u00e0nh nh\u1eefng chuy\u00ean gia h\u00e0ng \u0111\u1ea7u trong l\u0129nh v\u1ef1c n\u00e0y. Ch\u00fang t\u00f4i hi\u1ec3u r\u00f5 c\u00e1c quy \u0111\u1ecbnh ph\u00e1p lu\u1eadt li\u00ean quan \u0111\u1ebfn h\u00f3a \u0111\u01a1n v\u00e0 c\u00f3 kh\u1ea3 n\u0103ng gi\u1ea3i quy\u1ebft m\u1ecdi th\u1eafc m\u1eafc m\u00e0 doanh nghi\u1ec7p c\u00f3 th\u1ec3 g\u1eb7p ph\u1ea3i.<\/p>\n<p>Ch\u00fang t\u00f4i cam k\u1ebft l\u1eafng nghe v\u00e0 gi\u1ea3i \u0111\u00e1p m\u1ecdi c\u00e2u h\u1ecfi c\u1ee7a qu\u00fd kh\u00e1ch. Kh\u00f4ng ch\u1ec9 gi\u00fap qu\u00fd kh\u00e1ch hi\u1ec3u r\u00f5 c\u00e1c y\u00eau c\u1ea7u ph\u00e1p l\u00fd li\u00ean quan \u0111\u1ebfn h\u00f3a \u0111\u01a1n, ch\u00fang t\u00f4i c\u00f2n s\u1eb5n l\u00f2ng chia s\u1ebb nh\u1eefng chi\u1ebfn l\u01b0\u1ee3c v\u00e0 ph\u01b0\u01a1ng ph\u00e1p ti\u1ebfp c\u1eadn hi\u1ec7u qu\u1ea3 trong vi\u1ec7c x\u1eed l\u00fd v\u00e0 qu\u1ea3n l\u00fd h\u00f3a \u0111\u01a1n.<\/p>\n\t\t<\/div>\r\n\t\t\t\t\t<\/div>\r\n\r\n\t\n<\/div>\n","protected":false},"excerpt":{"rendered":"","protected":false},"author":43,"featured_media":0,"parent":4356,"menu_order":0,"comment_status":"open","ping_status":"open","template":"page-service.php","meta":{"_acf_changed":false,"footnotes":""},"class_list":["post-4503","page","type-page","status-publish","hentry"],"acf":[],"yoast_head":"<!-- This site is optimized with the Yoast SEO plugin v27.2 - https:\/\/yoast.com\/product\/yoast-seo-wordpress\/ -->\n<title>Invoice Consulting - Minh Khai Accounting Services<\/title>\n<meta name=\"description\" content=\"D\u1ecbch v\u1ee5 t\u01b0 v\u1ea5n h\u00f3a \u0111\u01a1n, s\u1ebd gi\u00fap b\u1ea1n c\u00e2n \u0111\u1ed1i doanh thu - chi ph\u00ed trong k\u1ef3 t\u00ednh thu\u1ebf, c\u00e2n \u0111\u1ed1i thu\u1ebf GTGT \u0111\u1ea7u ra - \u0111\u1ea7u v\u00e0o m\u1ed9t c\u00e1ch h\u1ee3p l\u00fd nh\u1ea5t.\" \/>\n<meta name=\"robots\" content=\"index, follow, max-snippet:-1, max-image-preview:large, max-video-preview:-1\" \/>\n<link rel=\"canonical\" href=\"https:\/\/www.ketoanhcm.vn\/en\/services\/invoice-consulting\/\" \/>\n<meta property=\"og:locale\" content=\"en_US\" \/>\n<meta property=\"og:type\" content=\"article\" \/>\n<meta property=\"og:title\" content=\"Invoice Consulting - Minh Khai Accounting Services\" \/>\n<meta property=\"og:description\" content=\"D\u1ecbch v\u1ee5 t\u01b0 v\u1ea5n h\u00f3a \u0111\u01a1n, s\u1ebd gi\u00fap b\u1ea1n c\u00e2n \u0111\u1ed1i doanh thu - chi ph\u00ed trong k\u1ef3 t\u00ednh thu\u1ebf, c\u00e2n \u0111\u1ed1i thu\u1ebf GTGT \u0111\u1ea7u ra - \u0111\u1ea7u v\u00e0o m\u1ed9t c\u00e1ch h\u1ee3p l\u00fd nh\u1ea5t.\" \/>\n<meta property=\"og:url\" content=\"https:\/\/www.ketoanhcm.vn\/en\/services\/invoice-consulting\/\" \/>\n<meta property=\"og:site_name\" content=\"Minh Khai Accounting Services\" \/>\n<meta property=\"article:modified_time\" content=\"2024-05-06T04:32:18+00:00\" \/>\n<meta name=\"twitter:label1\" content=\"Est. reading time\" \/>\n\t<meta name=\"twitter:data1\" content=\"13 minutes\" \/>\n<script type=\"application\/ld+json\" class=\"yoast-schema-graph\">{\"@context\":\"https:\/\/schema.org\",\"@graph\":[{\"@type\":\"WebPage\",\"@id\":\"https:\/\/www.ketoanhcm.vn\/en\/services\/invoice-consulting\/\",\"url\":\"https:\/\/www.ketoanhcm.vn\/en\/services\/invoice-consulting\/\",\"name\":\"Invoice Consulting - Minh Khai Accounting Services\",\"isPartOf\":{\"@id\":\"https:\/\/ketoanhcm.vn\/#website\"},\"datePublished\":\"2015-03-29T18:24:26+00:00\",\"dateModified\":\"2024-05-06T04:32:18+00:00\",\"description\":\"D\u1ecbch v\u1ee5 t\u01b0 v\u1ea5n h\u00f3a \u0111\u01a1n, s\u1ebd gi\u00fap b\u1ea1n c\u00e2n \u0111\u1ed1i doanh thu - chi ph\u00ed trong k\u1ef3 t\u00ednh thu\u1ebf, c\u00e2n \u0111\u1ed1i thu\u1ebf GTGT \u0111\u1ea7u ra - \u0111\u1ea7u v\u00e0o m\u1ed9t c\u00e1ch h\u1ee3p l\u00fd nh\u1ea5t.\",\"breadcrumb\":{\"@id\":\"https:\/\/www.ketoanhcm.vn\/en\/services\/invoice-consulting\/#breadcrumb\"},\"inLanguage\":\"en-US\",\"potentialAction\":[{\"@type\":\"ReadAction\",\"target\":[\"https:\/\/www.ketoanhcm.vn\/en\/services\/invoice-consulting\/\"]}]},{\"@type\":\"BreadcrumbList\",\"@id\":\"https:\/\/www.ketoanhcm.vn\/en\/services\/invoice-consulting\/#breadcrumb\",\"itemListElement\":[{\"@type\":\"ListItem\",\"position\":1,\"name\":\"Home\",\"item\":\"https:\/\/ketoanhcm.vn\/en\/\"},{\"@type\":\"ListItem\",\"position\":2,\"name\":\"Services\",\"item\":\"https:\/\/www.ketoanhcm.vn\/en\/services\/\"},{\"@type\":\"ListItem\",\"position\":3,\"name\":\"Invoice Consulting\"}]},{\"@type\":\"WebSite\",\"@id\":\"https:\/\/ketoanhcm.vn\/#website\",\"url\":\"https:\/\/ketoanhcm.vn\/\",\"name\":\"Minh Khai Accounting Services\",\"description\":\"dich vu ke toan minh khai\",\"potentialAction\":[{\"@type\":\"SearchAction\",\"target\":{\"@type\":\"EntryPoint\",\"urlTemplate\":\"https:\/\/ketoanhcm.vn\/?s={search_term_string}\"},\"query-input\":{\"@type\":\"PropertyValueSpecification\",\"valueRequired\":true,\"valueName\":\"search_term_string\"}}],\"inLanguage\":\"en-US\"}]}<\/script>\n<!-- \/ Yoast SEO plugin. -->","yoast_head_json":{"title":"Invoice Consulting - Minh Khai Accounting Services","description":"D\u1ecbch v\u1ee5 t\u01b0 v\u1ea5n h\u00f3a \u0111\u01a1n, s\u1ebd gi\u00fap b\u1ea1n c\u00e2n \u0111\u1ed1i doanh thu - chi ph\u00ed trong k\u1ef3 t\u00ednh thu\u1ebf, c\u00e2n \u0111\u1ed1i thu\u1ebf GTGT \u0111\u1ea7u ra - \u0111\u1ea7u v\u00e0o m\u1ed9t c\u00e1ch h\u1ee3p l\u00fd nh\u1ea5t.","robots":{"index":"index","follow":"follow","max-snippet":"max-snippet:-1","max-image-preview":"max-image-preview:large","max-video-preview":"max-video-preview:-1"},"canonical":"https:\/\/www.ketoanhcm.vn\/en\/services\/invoice-consulting\/","og_locale":"en_US","og_type":"article","og_title":"Invoice Consulting - Minh Khai Accounting Services","og_description":"D\u1ecbch v\u1ee5 t\u01b0 v\u1ea5n h\u00f3a \u0111\u01a1n, s\u1ebd gi\u00fap b\u1ea1n c\u00e2n \u0111\u1ed1i doanh thu - chi ph\u00ed trong k\u1ef3 t\u00ednh thu\u1ebf, c\u00e2n \u0111\u1ed1i thu\u1ebf GTGT \u0111\u1ea7u ra - \u0111\u1ea7u v\u00e0o m\u1ed9t c\u00e1ch h\u1ee3p l\u00fd nh\u1ea5t.","og_url":"https:\/\/www.ketoanhcm.vn\/en\/services\/invoice-consulting\/","og_site_name":"Minh Khai Accounting Services","article_modified_time":"2024-05-06T04:32:18+00:00","twitter_misc":{"Est. reading time":"13 minutes"},"schema":{"@context":"https:\/\/schema.org","@graph":[{"@type":"WebPage","@id":"https:\/\/www.ketoanhcm.vn\/en\/services\/invoice-consulting\/","url":"https:\/\/www.ketoanhcm.vn\/en\/services\/invoice-consulting\/","name":"Invoice Consulting - Minh Khai Accounting Services","isPartOf":{"@id":"https:\/\/ketoanhcm.vn\/#website"},"datePublished":"2015-03-29T18:24:26+00:00","dateModified":"2024-05-06T04:32:18+00:00","description":"D\u1ecbch v\u1ee5 t\u01b0 v\u1ea5n h\u00f3a \u0111\u01a1n, s\u1ebd gi\u00fap b\u1ea1n c\u00e2n \u0111\u1ed1i doanh thu - chi ph\u00ed trong k\u1ef3 t\u00ednh thu\u1ebf, c\u00e2n \u0111\u1ed1i thu\u1ebf GTGT \u0111\u1ea7u ra - \u0111\u1ea7u v\u00e0o m\u1ed9t c\u00e1ch h\u1ee3p l\u00fd nh\u1ea5t.","breadcrumb":{"@id":"https:\/\/www.ketoanhcm.vn\/en\/services\/invoice-consulting\/#breadcrumb"},"inLanguage":"en-US","potentialAction":[{"@type":"ReadAction","target":["https:\/\/www.ketoanhcm.vn\/en\/services\/invoice-consulting\/"]}]},{"@type":"BreadcrumbList","@id":"https:\/\/www.ketoanhcm.vn\/en\/services\/invoice-consulting\/#breadcrumb","itemListElement":[{"@type":"ListItem","position":1,"name":"Home","item":"https:\/\/ketoanhcm.vn\/en\/"},{"@type":"ListItem","position":2,"name":"Services","item":"https:\/\/www.ketoanhcm.vn\/en\/services\/"},{"@type":"ListItem","position":3,"name":"Invoice Consulting"}]},{"@type":"WebSite","@id":"https:\/\/ketoanhcm.vn\/#website","url":"https:\/\/ketoanhcm.vn\/","name":"Minh Khai Accounting Services","description":"dich vu ke toan minh khai","potentialAction":[{"@type":"SearchAction","target":{"@type":"EntryPoint","urlTemplate":"https:\/\/ketoanhcm.vn\/?s={search_term_string}"},"query-input":{"@type":"PropertyValueSpecification","valueRequired":true,"valueName":"search_term_string"}}],"inLanguage":"en-US"}]}},"_links":{"self":[{"href":"https:\/\/ketoanhcm.vn\/en\/wp-json\/wp\/v2\/pages\/4503","targetHints":{"allow":["GET"]}}],"collection":[{"href":"https:\/\/ketoanhcm.vn\/en\/wp-json\/wp\/v2\/pages"}],"about":[{"href":"https:\/\/ketoanhcm.vn\/en\/wp-json\/wp\/v2\/types\/page"}],"author":[{"embeddable":true,"href":"https:\/\/ketoanhcm.vn\/en\/wp-json\/wp\/v2\/users\/43"}],"replies":[{"embeddable":true,"href":"https:\/\/ketoanhcm.vn\/en\/wp-json\/wp\/v2\/comments?post=4503"}],"version-history":[{"count":1,"href":"https:\/\/ketoanhcm.vn\/en\/wp-json\/wp\/v2\/pages\/4503\/revisions"}],"predecessor-version":[{"id":4504,"href":"https:\/\/ketoanhcm.vn\/en\/wp-json\/wp\/v2\/pages\/4503\/revisions\/4504"}],"up":[{"embeddable":true,"href":"https:\/\/ketoanhcm.vn\/en\/wp-json\/wp\/v2\/pages\/4356"}],"wp:attachment":[{"href":"https:\/\/ketoanhcm.vn\/en\/wp-json\/wp\/v2\/media?parent=4503"}],"curies":[{"name":"wp","href":"https:\/\/api.w.org\/{rel}","templated":true}]}}