{"id":4444,"date":"2015-03-30T01:29:40","date_gmt":"2015-03-29T18:29:40","guid":{"rendered":"https:\/\/ketoanminhkhai.webtogo.vn\/customer-thank-you-letter\/"},"modified":"2024-05-06T11:43:26","modified_gmt":"2024-05-06T04:43:26","slug":"open-letter","status":"publish","type":"page","link":"https:\/\/ketoanhcm.vn\/en\/open-letter\/","title":{"rendered":"Open letter"},"content":{"rendered":"<p>K\u00ednh g\u1eedi: Qu\u00fd kh\u00e1ch h\u00e0ng,<\/p>\n<p>L\u1eddi \u0111\u1ea7u ti\u00ean, t\u1eadp th\u1ec3 c\u00f4ng ty k\u1ebf to\u00e1n Minh Khai xin g\u1edfi \u0111\u1ebfn qu\u00fd kh\u00e1ch h\u00e0ng l\u1eddi c\u1ea3m \u01a1n ch\u00e2n th\u00e0nh nh\u1ea5t.<\/p>\n<p>S\u1ef1 y\u00eau m\u1ebfn v\u00e0 ni\u1ec1m tin c\u1ee7a Qu\u00fd kh\u00e1ch ch\u00ednh l\u00e0 ni\u1ec1m t\u1ef1 h\u00e0o, l\u00e0 th\u00e0nh c\u00f4ng l\u1edbn nh\u1ea5t c\u1ee7a ch\u00fang t\u00f4i trong qu\u00e1 tr\u00ecnh h\u00ecnh th\u00e0nh v\u00e0 ph\u00e1t tri\u1ec3n. \u0110\u1ec3 \u0111\u1ec1n \u0111\u00e1p l\u1ea1i t\u1ea5m th\u1ecbnh t\u00ecnh n\u00e0y, ch\u00fang t\u00f4i s\u1ebd kh\u00f4ng ng\u1eebng n\u00e2ng cao ch\u1ea5t l\u01b0\u1ee3ng d\u1ecbch v\u1ee5 nh\u1eb1m \u0111\u00e1p \u1ee9ng ng\u00e0y c\u00e0ng t\u1ed1t h\u01a1n nhu c\u1ea7u c\u1ee7a Qu\u00fd kh\u00e1ch h\u00e0ng.<\/p>\n<p>Tr\u1ea3i qua h\u01a1n 5 n\u0103m kinh nghi\u1ec7m trong ngh\u1ec1 t\u01b0 v\u1ea5n k\u1ebf to\u00e1n, ch\u00fang t\u00f4i \u0111\u00e3 ph\u00e1t tri\u1ec3n b\u1ec1n v\u1eefng trong ng\u00e0nh t\u01b0 v\u1ea5n k\u1ebf to\u00e1n uy t\u00edn nh\u1ea5t t\u1ea1i TpHCM. \u0110\u1ec3 c\u00f3 \u0111\u01b0\u1ee3c v\u1ecb tr\u00ed nh\u01b0 ng\u00e0y h\u00f4m nay, v\u1edbi h\u01a1n 200 kh\u00e1ch h\u00e0ng \u0111\u00e3 v\u00e0 \u0111ang s\u1eed d\u1ee5ng v\u1ee5, ch\u00fang t\u00f4i mu\u1ed1n g\u1edfi l\u1eddi c\u1ea3m \u01a1n ch\u00e2n th\u00e0nh nh\u1ea5t v\u00ec s\u1ef1 h\u1ee3p t\u00e1c trong su\u1ed1t th\u1eddi gian qua.<\/p>\n<p>Tr\u00e2n tr\u1ecdng,<\/p>\n","protected":false},"excerpt":{"rendered":"<p>K\u00ednh g\u1eedi: Qu\u00fd kh\u00e1ch h\u00e0ng, L\u1eddi \u0111\u1ea7u ti\u00ean, t\u1eadp th\u1ec3 c\u00f4ng ty k\u1ebf to\u00e1n Minh Khai xin g\u1edfi \u0111\u1ebfn qu\u00fd kh\u00e1ch h\u00e0ng l\u1eddi c\u1ea3m \u01a1n ch\u00e2n th\u00e0nh nh\u1ea5t. S\u1ef1 y\u00eau m\u1ebfn v\u00e0 ni\u1ec1m tin c\u1ee7a Qu\u00fd kh\u00e1ch ch\u00ednh l\u00e0 ni\u1ec1m t\u1ef1 h\u00e0o, l\u00e0 th\u00e0nh c\u00f4ng l\u1edbn nh\u1ea5t c\u1ee7a ch\u00fang t\u00f4i trong qu\u00e1 tr\u00ecnh h\u00ecnh th\u00e0nh&#8230;<\/p>\n","protected":false},"author":43,"featured_media":3755,"parent":0,"menu_order":0,"comment_status":"open","ping_status":"open","template":"","meta":{"_acf_changed":false,"footnotes":""},"class_list":["post-4444","page","type-page","status-publish","has-post-thumbnail","hentry"],"acf":[],"yoast_head":"<!-- This site is optimized with the Yoast SEO plugin v27.2 - https:\/\/yoast.com\/product\/yoast-seo-wordpress\/ -->\n<title>Open letter - Minh Khai Accounting Services<\/title>\n<meta name=\"description\" content=\"L\u1eddi \u0111\u1ea7u ti\u00ean, t\u1eadp th\u1ec3 c\u00f4ng ty k\u1ebf to\u00e1n Minh Khai xin g\u1edfi \u0111\u1ebfn qu\u00fd kh\u00e1ch h\u00e0ng l\u1eddi c\u1ea3m \u01a1n ch\u00e2n th\u00e0nh nh\u1ea5t.\" \/>\n<meta name=\"robots\" content=\"index, follow, max-snippet:-1, max-image-preview:large, max-video-preview:-1\" \/>\n<link rel=\"canonical\" href=\"https:\/\/ketoanhcm.vn\/en\/open-letter\/\" \/>\n<meta property=\"og:locale\" content=\"en_US\" \/>\n<meta property=\"og:type\" content=\"article\" \/>\n<meta property=\"og:title\" content=\"Open letter - Minh Khai Accounting Services\" \/>\n<meta property=\"og:description\" content=\"L\u1eddi \u0111\u1ea7u ti\u00ean, t\u1eadp th\u1ec3 c\u00f4ng ty k\u1ebf to\u00e1n Minh Khai xin g\u1edfi \u0111\u1ebfn qu\u00fd kh\u00e1ch h\u00e0ng l\u1eddi c\u1ea3m \u01a1n ch\u00e2n th\u00e0nh nh\u1ea5t.\" \/>\n<meta property=\"og:url\" content=\"https:\/\/ketoanhcm.vn\/en\/open-letter\/\" \/>\n<meta property=\"og:site_name\" content=\"Minh Khai Accounting Services\" \/>\n<meta property=\"article:modified_time\" content=\"2024-05-06T04:43:26+00:00\" \/>\n<meta property=\"og:image\" content=\"https:\/\/ketoanhcm.vn\/wp-content\/uploads\/2015\/03\/thu-cam-on-khach-hang.jpg\" \/>\n\t<meta property=\"og:image:width\" content=\"275\" \/>\n\t<meta property=\"og:image:height\" content=\"183\" \/>\n\t<meta property=\"og:image:type\" content=\"image\/jpeg\" \/>\n<meta name=\"twitter:label1\" content=\"Est. reading time\" \/>\n\t<meta name=\"twitter:data1\" content=\"2 minutes\" \/>\n<script type=\"application\/ld+json\" class=\"yoast-schema-graph\">{\"@context\":\"https:\/\/schema.org\",\"@graph\":[{\"@type\":\"WebPage\",\"@id\":\"https:\/\/ketoanhcm.vn\/en\/open-letter\/\",\"url\":\"https:\/\/ketoanhcm.vn\/en\/open-letter\/\",\"name\":\"Open letter - Minh Khai Accounting Services\",\"isPartOf\":{\"@id\":\"https:\/\/www.ketoanhcm.vn\/#website\"},\"primaryImageOfPage\":{\"@id\":\"https:\/\/ketoanhcm.vn\/en\/open-letter\/#primaryimage\"},\"image\":{\"@id\":\"https:\/\/ketoanhcm.vn\/en\/open-letter\/#primaryimage\"},\"thumbnailUrl\":\"https:\/\/ketoanhcm.vn\/wp-content\/uploads\/2015\/03\/thu-cam-on-khach-hang.jpg\",\"datePublished\":\"2015-03-29T18:29:40+00:00\",\"dateModified\":\"2024-05-06T04:43:26+00:00\",\"description\":\"L\u1eddi \u0111\u1ea7u ti\u00ean, t\u1eadp th\u1ec3 c\u00f4ng ty k\u1ebf to\u00e1n Minh Khai xin g\u1edfi \u0111\u1ebfn qu\u00fd kh\u00e1ch h\u00e0ng l\u1eddi c\u1ea3m \u01a1n ch\u00e2n th\u00e0nh nh\u1ea5t.\",\"breadcrumb\":{\"@id\":\"https:\/\/ketoanhcm.vn\/en\/open-letter\/#breadcrumb\"},\"inLanguage\":\"en-US\",\"potentialAction\":[{\"@type\":\"ReadAction\",\"target\":[\"https:\/\/ketoanhcm.vn\/en\/open-letter\/\"]}]},{\"@type\":\"ImageObject\",\"inLanguage\":\"en-US\",\"@id\":\"https:\/\/ketoanhcm.vn\/en\/open-letter\/#primaryimage\",\"url\":\"https:\/\/ketoanhcm.vn\/wp-content\/uploads\/2015\/03\/thu-cam-on-khach-hang.jpg\",\"contentUrl\":\"https:\/\/ketoanhcm.vn\/wp-content\/uploads\/2015\/03\/thu-cam-on-khach-hang.jpg\",\"width\":275,\"height\":183},{\"@type\":\"BreadcrumbList\",\"@id\":\"https:\/\/ketoanhcm.vn\/en\/open-letter\/#breadcrumb\",\"itemListElement\":[{\"@type\":\"ListItem\",\"position\":1,\"name\":\"Home\",\"item\":\"https:\/\/www.ketoanhcm.vn\/en\/\"},{\"@type\":\"ListItem\",\"position\":2,\"name\":\"Open letter\"}]},{\"@type\":\"WebSite\",\"@id\":\"https:\/\/www.ketoanhcm.vn\/#website\",\"url\":\"https:\/\/www.ketoanhcm.vn\/\",\"name\":\"Minh Khai Accounting Services\",\"description\":\"dich vu ke toan minh khai\",\"potentialAction\":[{\"@type\":\"SearchAction\",\"target\":{\"@type\":\"EntryPoint\",\"urlTemplate\":\"https:\/\/www.ketoanhcm.vn\/?s={search_term_string}\"},\"query-input\":{\"@type\":\"PropertyValueSpecification\",\"valueRequired\":true,\"valueName\":\"search_term_string\"}}],\"inLanguage\":\"en-US\"}]}<\/script>\n<!-- \/ Yoast SEO plugin. -->","yoast_head_json":{"title":"Open letter - Minh Khai Accounting Services","description":"L\u1eddi \u0111\u1ea7u ti\u00ean, t\u1eadp th\u1ec3 c\u00f4ng ty k\u1ebf to\u00e1n Minh Khai xin g\u1edfi \u0111\u1ebfn qu\u00fd kh\u00e1ch h\u00e0ng l\u1eddi c\u1ea3m \u01a1n ch\u00e2n th\u00e0nh nh\u1ea5t.","robots":{"index":"index","follow":"follow","max-snippet":"max-snippet:-1","max-image-preview":"max-image-preview:large","max-video-preview":"max-video-preview:-1"},"canonical":"https:\/\/ketoanhcm.vn\/en\/open-letter\/","og_locale":"en_US","og_type":"article","og_title":"Open letter - Minh Khai Accounting Services","og_description":"L\u1eddi \u0111\u1ea7u ti\u00ean, t\u1eadp th\u1ec3 c\u00f4ng ty k\u1ebf to\u00e1n Minh Khai xin g\u1edfi \u0111\u1ebfn qu\u00fd kh\u00e1ch h\u00e0ng l\u1eddi c\u1ea3m \u01a1n ch\u00e2n th\u00e0nh nh\u1ea5t.","og_url":"https:\/\/ketoanhcm.vn\/en\/open-letter\/","og_site_name":"Minh Khai Accounting Services","article_modified_time":"2024-05-06T04:43:26+00:00","og_image":[{"width":275,"height":183,"url":"https:\/\/ketoanhcm.vn\/wp-content\/uploads\/2015\/03\/thu-cam-on-khach-hang.jpg","type":"image\/jpeg"}],"twitter_misc":{"Est. reading time":"2 minutes"},"schema":{"@context":"https:\/\/schema.org","@graph":[{"@type":"WebPage","@id":"https:\/\/ketoanhcm.vn\/en\/open-letter\/","url":"https:\/\/ketoanhcm.vn\/en\/open-letter\/","name":"Open letter - Minh Khai Accounting Services","isPartOf":{"@id":"https:\/\/www.ketoanhcm.vn\/#website"},"primaryImageOfPage":{"@id":"https:\/\/ketoanhcm.vn\/en\/open-letter\/#primaryimage"},"image":{"@id":"https:\/\/ketoanhcm.vn\/en\/open-letter\/#primaryimage"},"thumbnailUrl":"https:\/\/ketoanhcm.vn\/wp-content\/uploads\/2015\/03\/thu-cam-on-khach-hang.jpg","datePublished":"2015-03-29T18:29:40+00:00","dateModified":"2024-05-06T04:43:26+00:00","description":"L\u1eddi \u0111\u1ea7u ti\u00ean, t\u1eadp th\u1ec3 c\u00f4ng ty k\u1ebf to\u00e1n Minh Khai xin g\u1edfi \u0111\u1ebfn qu\u00fd kh\u00e1ch h\u00e0ng l\u1eddi c\u1ea3m \u01a1n ch\u00e2n th\u00e0nh nh\u1ea5t.","breadcrumb":{"@id":"https:\/\/ketoanhcm.vn\/en\/open-letter\/#breadcrumb"},"inLanguage":"en-US","potentialAction":[{"@type":"ReadAction","target":["https:\/\/ketoanhcm.vn\/en\/open-letter\/"]}]},{"@type":"ImageObject","inLanguage":"en-US","@id":"https:\/\/ketoanhcm.vn\/en\/open-letter\/#primaryimage","url":"https:\/\/ketoanhcm.vn\/wp-content\/uploads\/2015\/03\/thu-cam-on-khach-hang.jpg","contentUrl":"https:\/\/ketoanhcm.vn\/wp-content\/uploads\/2015\/03\/thu-cam-on-khach-hang.jpg","width":275,"height":183},{"@type":"BreadcrumbList","@id":"https:\/\/ketoanhcm.vn\/en\/open-letter\/#breadcrumb","itemListElement":[{"@type":"ListItem","position":1,"name":"Home","item":"https:\/\/www.ketoanhcm.vn\/en\/"},{"@type":"ListItem","position":2,"name":"Open letter"}]},{"@type":"WebSite","@id":"https:\/\/www.ketoanhcm.vn\/#website","url":"https:\/\/www.ketoanhcm.vn\/","name":"Minh Khai Accounting Services","description":"dich vu ke toan minh khai","potentialAction":[{"@type":"SearchAction","target":{"@type":"EntryPoint","urlTemplate":"https:\/\/www.ketoanhcm.vn\/?s={search_term_string}"},"query-input":{"@type":"PropertyValueSpecification","valueRequired":true,"valueName":"search_term_string"}}],"inLanguage":"en-US"}]}},"_links":{"self":[{"href":"https:\/\/ketoanhcm.vn\/en\/wp-json\/wp\/v2\/pages\/4444","targetHints":{"allow":["GET"]}}],"collection":[{"href":"https:\/\/ketoanhcm.vn\/en\/wp-json\/wp\/v2\/pages"}],"about":[{"href":"https:\/\/ketoanhcm.vn\/en\/wp-json\/wp\/v2\/types\/page"}],"author":[{"embeddable":true,"href":"https:\/\/ketoanhcm.vn\/en\/wp-json\/wp\/v2\/users\/43"}],"replies":[{"embeddable":true,"href":"https:\/\/ketoanhcm.vn\/en\/wp-json\/wp\/v2\/comments?post=4444"}],"version-history":[{"count":1,"href":"https:\/\/ketoanhcm.vn\/en\/wp-json\/wp\/v2\/pages\/4444\/revisions"}],"predecessor-version":[{"id":4510,"href":"https:\/\/ketoanhcm.vn\/en\/wp-json\/wp\/v2\/pages\/4444\/revisions\/4510"}],"wp:featuredmedia":[{"embeddable":true,"href":"https:\/\/ketoanhcm.vn\/en\/wp-json\/wp\/v2\/media\/3755"}],"wp:attachment":[{"href":"https:\/\/ketoanhcm.vn\/en\/wp-json\/wp\/v2\/media?parent=4444"}],"curies":[{"name":"wp","href":"https:\/\/api.w.org\/{rel}","templated":true}]}}