{"id":4440,"date":"2015-03-30T01:28:43","date_gmt":"2015-03-29T18:28:43","guid":{"rendered":"https:\/\/ketoanminhkhai.webtogo.vn\/phuong-cham-lam-viec\/"},"modified":"2024-05-06T10:20:49","modified_gmt":"2024-05-06T03:20:49","slug":"working-motto","status":"publish","type":"page","link":"https:\/\/ketoanhcm.vn\/en\/working-motto\/","title":{"rendered":"Working motto"},"content":{"rendered":"<h2>Tu\u00e2n th\u1ee7 nguy\u00ean t\u1eafc t\u1ed5 ch\u1ee9c v\u00e0 \u0111\u1ea1o \u0111\u1ee9c ngh\u1ec1 nghi\u1ec7p<\/h2>\n<p style=\"text-align: justify;\">\u0110\u1ea1o \u0111\u1ee9c kinh doanh l\u00e0m ti\u00eau ch\u00ed \u0111\u1ea7u ti\u00ean trong vi\u1ec7c l\u1ef1a ch\u1ecdn v\u00e0 ph\u00e1t tri\u1ec3n nh\u00e2n vi\u00ean c\u1ee7a ch\u00fang t\u00f4i. K\u1ef9 n\u0103ng, kinh nghi\u1ec7m g\u1eafn li\u1ec1n v\u1edbi \u0111\u1ea1o \u0111\u1ee9c ngh\u1ec1 nghi\u1ec7p s\u1ebd t\u1ea1o n\u00ean m\u1ed9t t\u1eadp th\u1ec3 m\u1ea1nh, \u0111o\u00e0n k\u1ebft \u0111\u1ec3 c\u00f9ng nhau th\u1ef1c hi\u1ec7n t\u1ed1t nh\u1ea5t nh\u1eefng gi\u1ea3i ph\u00e1p k\u1ebf to\u00e1n cho kh\u00e1ch h\u00e0ng.<\/p>\n<p style=\"text-align: justify;\">Ch\u00fang t\u00f4i t\u1ef1 h\u00e0o v\u1ec1 \u0111\u1ed9i ng\u0169 nh\u00e2n vi\u00ean t\u1eadn t\u00e2m v\u1edbi ngh\u1ec1.<\/p>\n<h2>H\u01b0\u1edbng \u0111\u1ebfn kh\u00e1ch h\u00e0ng<\/h2>\n<p style=\"text-align: justify;\">Kh\u00e1ch h\u00e0ng lu\u00f4n l\u00e0 kim ch\u1ec9 nam \u0111\u1ec3 ch\u00fang t\u00f4i h\u01b0\u1edbng \u0111\u1ebfn, ch\u00fang t\u00f4i t\u00f4n tr\u1ecdng m\u1ecdi \u0111\u00f3ng g\u00f3p chia s\u1ebd c\u1ee7a kh\u00e1ch h\u00e0ng \u0111\u1ec3 ng\u00e0y c\u00e0ng ph\u00e1t tri\u1ec3n v\u00e0 ph\u1ee5c v\u1ee5 t\u1ed1t h\u01a1n. B\u00ean c\u1ea1nh \u0111\u00f3 ch\u00fang t\u00f4i lu\u00f4n c\u00f3 ph\u01b0\u01a1ng \u00e1n, gi\u1ea3i ph\u00e1p t\u01b0 v\u1ea5n c\u1ee5 th\u1ec3 \u0111\u1ed1i v\u1edbi t\u1eebng kh\u00e1ch h\u00e0ng \u0111\u1ec3 t\u1ed1i \u01b0u h\u00f3a chi ph\u00ed doanh nghi\u1ec7p.<\/p>\n<p style=\"text-align: justify;\">V\u00e0 h\u01a1n h\u1ebft ch\u00fang t\u00f4i lu\u00f4n \u0111\u1ee9ng v\u1ec1 kh\u00e1ch h\u00e0ng trong m\u1ecdi t\u00ecnh hu\u1ed1ng<\/p>\n<h2>Trung th\u1ef1c v\u00e0 chia s\u1ebb<\/h2>\n<p style=\"text-align: justify;\">Trung th\u1ef1c trong c\u00e1c t\u1ea5c c\u1ea3 c\u00e1c ho\u1ea1t \u0111\u1ed9ng l\u00e0m vi\u1ec7c t\u1ea1i t\u1ed5 ch\u1ee9c, chia s\u1ebd th\u00f4ng tin thi\u1ebft th\u1ef1c v\u00e0 \u0111\u1ea7y \u0111\u1ee7 nh\u1ea5t \u0111\u1ebfn v\u1edbi kh\u00e1ch h\u00e0ng.<\/p>\n<p style=\"text-align: justify;\">Trung th\u1ef1c l\u00e0 m\u1ed9t trong m\u1eafc x\u00edch quan trong nh\u1ea5t \u0111\u1ec3 ph\u00e1t tri\u1ec3n nh\u00e2n s\u1ef1 v\u00e0 h\u00ecnh th\u00e0nh n\u00ean v\u0103n h\u00f3a c\u1ee7a <a href=\"http:\/\/ketoanhcm.vn\" target=\"_blank\" rel=\"noopener\">K\u1ebf To\u00e1n Minh Khai<\/a><\/p>\n<p style=\"text-align: justify;\">L\u00e0 \u0111\u01a1n v\u1ecb ho\u1ea1t \u0111\u1ed9ng nhi\u1ec1u n\u0103m v\u1ec1 d\u1ecbch v\u1ee5 t\u01b0 v\u1ea5n k\u1ebf to\u00e1n thu\u1ebf, ch\u00fang t\u00f4i hi\u1ec3u r\u00f5 nh\u1eefng r\u0169i ro ti\u1ec1m \u1ea9n trong ngh\u1ec1. Tuy nhi\u00ean trong m\u1ecdi t\u00ecnh hu\u1ed1ng ch\u00fang t\u00f4i v\u1eabn lu\u00f4n trung th\u1ef1c v\u1edbi kh\u00e1ch h\u00e0ng.<\/p>\n","protected":false},"excerpt":{"rendered":"<p>Tu\u00e2n th\u1ee7 nguy\u00ean t\u1eafc t\u1ed5 ch\u1ee9c v\u00e0 \u0111\u1ea1o \u0111\u1ee9c ngh\u1ec1 nghi\u1ec7p \u0110\u1ea1o \u0111\u1ee9c kinh doanh l\u00e0m ti\u00eau ch\u00ed \u0111\u1ea7u ti\u00ean trong vi\u1ec7c l\u1ef1a ch\u1ecdn v\u00e0 ph\u00e1t tri\u1ec3n nh\u00e2n vi\u00ean c\u1ee7a ch\u00fang t\u00f4i. K\u1ef9 n\u0103ng, kinh nghi\u1ec7m g\u1eafn li\u1ec1n v\u1edbi \u0111\u1ea1o \u0111\u1ee9c ngh\u1ec1 nghi\u1ec7p s\u1ebd t\u1ea1o n\u00ean m\u1ed9t t\u1eadp th\u1ec3 m\u1ea1nh, \u0111o\u00e0n k\u1ebft \u0111\u1ec3 c\u00f9ng nhau&#8230;<\/p>\n","protected":false},"author":43,"featured_media":3754,"parent":0,"menu_order":0,"comment_status":"open","ping_status":"open","template":"","meta":{"_acf_changed":false,"footnotes":""},"class_list":["post-4440","page","type-page","status-publish","has-post-thumbnail","hentry"],"acf":[],"yoast_head":"<!-- This site is optimized with the Yoast SEO plugin v27.2 - https:\/\/yoast.com\/product\/yoast-seo-wordpress\/ -->\n<title>Working motto - Minh Khai Accounting Services<\/title>\n<meta name=\"description\" content=\"Ph\u01b0\u01a1ng ch\u00e2m l\u00e0m vi\u1ec7c c\u1ee7a ch\u00fang t\u00f4i lu\u00f4n h\u01b0\u1edbng \u0111\u1ebfn l\u1ee3i \u00edch c\u1ee7a kh\u00e1ch h\u00e0ng d\u1ef1a tr\u00ean n\u1ec1n t\u1ea3ng \u0111\u1ea1o \u0111\u1ee9c ngh\u1ec1 nghi\u1ec7p v\u00e0 s\u1ef1 \u0111o\u00e0n k\u1ebft trong t\u1ed5 ch\u1ee9c.\" \/>\n<meta name=\"robots\" content=\"index, follow, max-snippet:-1, max-image-preview:large, max-video-preview:-1\" \/>\n<link rel=\"canonical\" href=\"https:\/\/ketoanhcm.vn\/en\/working-motto\/\" \/>\n<meta property=\"og:locale\" content=\"en_US\" \/>\n<meta property=\"og:type\" content=\"article\" \/>\n<meta property=\"og:title\" content=\"Working motto - Minh Khai Accounting Services\" \/>\n<meta property=\"og:description\" content=\"Ph\u01b0\u01a1ng ch\u00e2m l\u00e0m vi\u1ec7c c\u1ee7a ch\u00fang t\u00f4i lu\u00f4n h\u01b0\u1edbng \u0111\u1ebfn l\u1ee3i \u00edch c\u1ee7a kh\u00e1ch h\u00e0ng d\u1ef1a tr\u00ean n\u1ec1n t\u1ea3ng \u0111\u1ea1o \u0111\u1ee9c ngh\u1ec1 nghi\u1ec7p v\u00e0 s\u1ef1 \u0111o\u00e0n k\u1ebft trong t\u1ed5 ch\u1ee9c.\" \/>\n<meta property=\"og:url\" content=\"https:\/\/ketoanhcm.vn\/en\/working-motto\/\" \/>\n<meta property=\"og:site_name\" content=\"Minh Khai Accounting Services\" \/>\n<meta property=\"article:modified_time\" content=\"2024-05-06T03:20:49+00:00\" \/>\n<meta property=\"og:image\" content=\"https:\/\/ketoanhcm.vn\/wp-content\/uploads\/2015\/03\/phuong-cha-lam-viec-624x187.jpg\" \/>\n\t<meta property=\"og:image:width\" content=\"624\" \/>\n\t<meta property=\"og:image:height\" content=\"187\" \/>\n\t<meta property=\"og:image:type\" content=\"image\/jpeg\" \/>\n<meta name=\"twitter:label1\" content=\"Est. reading time\" \/>\n\t<meta name=\"twitter:data1\" content=\"2 minutes\" \/>\n<script type=\"application\/ld+json\" class=\"yoast-schema-graph\">{\"@context\":\"https:\/\/schema.org\",\"@graph\":[{\"@type\":\"WebPage\",\"@id\":\"https:\/\/ketoanhcm.vn\/en\/working-motto\/\",\"url\":\"https:\/\/ketoanhcm.vn\/en\/working-motto\/\",\"name\":\"Working motto - Minh Khai Accounting Services\",\"isPartOf\":{\"@id\":\"https:\/\/www.ketoanhcm.vn\/#website\"},\"primaryImageOfPage\":{\"@id\":\"https:\/\/ketoanhcm.vn\/en\/working-motto\/#primaryimage\"},\"image\":{\"@id\":\"https:\/\/ketoanhcm.vn\/en\/working-motto\/#primaryimage\"},\"thumbnailUrl\":\"https:\/\/ketoanhcm.vn\/wp-content\/uploads\/2015\/03\/phuong-cha-lam-viec-624x187.jpg\",\"datePublished\":\"2015-03-29T18:28:43+00:00\",\"dateModified\":\"2024-05-06T03:20:49+00:00\",\"description\":\"Ph\u01b0\u01a1ng ch\u00e2m l\u00e0m vi\u1ec7c c\u1ee7a ch\u00fang t\u00f4i lu\u00f4n h\u01b0\u1edbng \u0111\u1ebfn l\u1ee3i \u00edch c\u1ee7a kh\u00e1ch h\u00e0ng d\u1ef1a tr\u00ean n\u1ec1n t\u1ea3ng \u0111\u1ea1o \u0111\u1ee9c ngh\u1ec1 nghi\u1ec7p v\u00e0 s\u1ef1 \u0111o\u00e0n k\u1ebft trong t\u1ed5 ch\u1ee9c.\",\"breadcrumb\":{\"@id\":\"https:\/\/ketoanhcm.vn\/en\/working-motto\/#breadcrumb\"},\"inLanguage\":\"en-US\",\"potentialAction\":[{\"@type\":\"ReadAction\",\"target\":[\"https:\/\/ketoanhcm.vn\/en\/working-motto\/\"]}]},{\"@type\":\"ImageObject\",\"inLanguage\":\"en-US\",\"@id\":\"https:\/\/ketoanhcm.vn\/en\/working-motto\/#primaryimage\",\"url\":\"https:\/\/ketoanhcm.vn\/wp-content\/uploads\/2015\/03\/phuong-cha-lam-viec-624x187.jpg\",\"contentUrl\":\"https:\/\/ketoanhcm.vn\/wp-content\/uploads\/2015\/03\/phuong-cha-lam-viec-624x187.jpg\",\"width\":624,\"height\":187},{\"@type\":\"BreadcrumbList\",\"@id\":\"https:\/\/ketoanhcm.vn\/en\/working-motto\/#breadcrumb\",\"itemListElement\":[{\"@type\":\"ListItem\",\"position\":1,\"name\":\"Home\",\"item\":\"https:\/\/www.ketoanhcm.vn\/en\/\"},{\"@type\":\"ListItem\",\"position\":2,\"name\":\"Working motto\"}]},{\"@type\":\"WebSite\",\"@id\":\"https:\/\/www.ketoanhcm.vn\/#website\",\"url\":\"https:\/\/www.ketoanhcm.vn\/\",\"name\":\"Minh Khai Accounting Services\",\"description\":\"dich vu ke toan minh khai\",\"potentialAction\":[{\"@type\":\"SearchAction\",\"target\":{\"@type\":\"EntryPoint\",\"urlTemplate\":\"https:\/\/www.ketoanhcm.vn\/?s={search_term_string}\"},\"query-input\":{\"@type\":\"PropertyValueSpecification\",\"valueRequired\":true,\"valueName\":\"search_term_string\"}}],\"inLanguage\":\"en-US\"}]}<\/script>\n<!-- \/ Yoast SEO plugin. -->","yoast_head_json":{"title":"Working motto - Minh Khai Accounting Services","description":"Ph\u01b0\u01a1ng ch\u00e2m l\u00e0m vi\u1ec7c c\u1ee7a ch\u00fang t\u00f4i lu\u00f4n h\u01b0\u1edbng \u0111\u1ebfn l\u1ee3i \u00edch c\u1ee7a kh\u00e1ch h\u00e0ng d\u1ef1a tr\u00ean n\u1ec1n t\u1ea3ng \u0111\u1ea1o \u0111\u1ee9c ngh\u1ec1 nghi\u1ec7p v\u00e0 s\u1ef1 \u0111o\u00e0n k\u1ebft trong t\u1ed5 ch\u1ee9c.","robots":{"index":"index","follow":"follow","max-snippet":"max-snippet:-1","max-image-preview":"max-image-preview:large","max-video-preview":"max-video-preview:-1"},"canonical":"https:\/\/ketoanhcm.vn\/en\/working-motto\/","og_locale":"en_US","og_type":"article","og_title":"Working motto - Minh Khai Accounting Services","og_description":"Ph\u01b0\u01a1ng ch\u00e2m l\u00e0m vi\u1ec7c c\u1ee7a ch\u00fang t\u00f4i lu\u00f4n h\u01b0\u1edbng \u0111\u1ebfn l\u1ee3i \u00edch c\u1ee7a kh\u00e1ch h\u00e0ng d\u1ef1a tr\u00ean n\u1ec1n t\u1ea3ng \u0111\u1ea1o \u0111\u1ee9c ngh\u1ec1 nghi\u1ec7p v\u00e0 s\u1ef1 \u0111o\u00e0n k\u1ebft trong t\u1ed5 ch\u1ee9c.","og_url":"https:\/\/ketoanhcm.vn\/en\/working-motto\/","og_site_name":"Minh Khai Accounting Services","article_modified_time":"2024-05-06T03:20:49+00:00","og_image":[{"width":624,"height":187,"url":"https:\/\/ketoanhcm.vn\/wp-content\/uploads\/2015\/03\/phuong-cha-lam-viec-624x187.jpg","type":"image\/jpeg"}],"twitter_misc":{"Est. reading time":"2 minutes"},"schema":{"@context":"https:\/\/schema.org","@graph":[{"@type":"WebPage","@id":"https:\/\/ketoanhcm.vn\/en\/working-motto\/","url":"https:\/\/ketoanhcm.vn\/en\/working-motto\/","name":"Working motto - Minh Khai Accounting Services","isPartOf":{"@id":"https:\/\/www.ketoanhcm.vn\/#website"},"primaryImageOfPage":{"@id":"https:\/\/ketoanhcm.vn\/en\/working-motto\/#primaryimage"},"image":{"@id":"https:\/\/ketoanhcm.vn\/en\/working-motto\/#primaryimage"},"thumbnailUrl":"https:\/\/ketoanhcm.vn\/wp-content\/uploads\/2015\/03\/phuong-cha-lam-viec-624x187.jpg","datePublished":"2015-03-29T18:28:43+00:00","dateModified":"2024-05-06T03:20:49+00:00","description":"Ph\u01b0\u01a1ng ch\u00e2m l\u00e0m vi\u1ec7c c\u1ee7a ch\u00fang t\u00f4i lu\u00f4n h\u01b0\u1edbng \u0111\u1ebfn l\u1ee3i \u00edch c\u1ee7a kh\u00e1ch h\u00e0ng d\u1ef1a tr\u00ean n\u1ec1n t\u1ea3ng \u0111\u1ea1o \u0111\u1ee9c ngh\u1ec1 nghi\u1ec7p v\u00e0 s\u1ef1 \u0111o\u00e0n k\u1ebft trong t\u1ed5 ch\u1ee9c.","breadcrumb":{"@id":"https:\/\/ketoanhcm.vn\/en\/working-motto\/#breadcrumb"},"inLanguage":"en-US","potentialAction":[{"@type":"ReadAction","target":["https:\/\/ketoanhcm.vn\/en\/working-motto\/"]}]},{"@type":"ImageObject","inLanguage":"en-US","@id":"https:\/\/ketoanhcm.vn\/en\/working-motto\/#primaryimage","url":"https:\/\/ketoanhcm.vn\/wp-content\/uploads\/2015\/03\/phuong-cha-lam-viec-624x187.jpg","contentUrl":"https:\/\/ketoanhcm.vn\/wp-content\/uploads\/2015\/03\/phuong-cha-lam-viec-624x187.jpg","width":624,"height":187},{"@type":"BreadcrumbList","@id":"https:\/\/ketoanhcm.vn\/en\/working-motto\/#breadcrumb","itemListElement":[{"@type":"ListItem","position":1,"name":"Home","item":"https:\/\/www.ketoanhcm.vn\/en\/"},{"@type":"ListItem","position":2,"name":"Working motto"}]},{"@type":"WebSite","@id":"https:\/\/www.ketoanhcm.vn\/#website","url":"https:\/\/www.ketoanhcm.vn\/","name":"Minh Khai Accounting Services","description":"dich vu ke toan minh khai","potentialAction":[{"@type":"SearchAction","target":{"@type":"EntryPoint","urlTemplate":"https:\/\/www.ketoanhcm.vn\/?s={search_term_string}"},"query-input":{"@type":"PropertyValueSpecification","valueRequired":true,"valueName":"search_term_string"}}],"inLanguage":"en-US"}]}},"_links":{"self":[{"href":"https:\/\/ketoanhcm.vn\/en\/wp-json\/wp\/v2\/pages\/4440","targetHints":{"allow":["GET"]}}],"collection":[{"href":"https:\/\/ketoanhcm.vn\/en\/wp-json\/wp\/v2\/pages"}],"about":[{"href":"https:\/\/ketoanhcm.vn\/en\/wp-json\/wp\/v2\/types\/page"}],"author":[{"embeddable":true,"href":"https:\/\/ketoanhcm.vn\/en\/wp-json\/wp\/v2\/users\/43"}],"replies":[{"embeddable":true,"href":"https:\/\/ketoanhcm.vn\/en\/wp-json\/wp\/v2\/comments?post=4440"}],"version-history":[{"count":1,"href":"https:\/\/ketoanhcm.vn\/en\/wp-json\/wp\/v2\/pages\/4440\/revisions"}],"predecessor-version":[{"id":4445,"href":"https:\/\/ketoanhcm.vn\/en\/wp-json\/wp\/v2\/pages\/4440\/revisions\/4445"}],"wp:featuredmedia":[{"embeddable":true,"href":"https:\/\/ketoanhcm.vn\/en\/wp-json\/wp\/v2\/media\/3754"}],"wp:attachment":[{"href":"https:\/\/ketoanhcm.vn\/en\/wp-json\/wp\/v2\/media?parent=4440"}],"curies":[{"name":"wp","href":"https:\/\/api.w.org\/{rel}","templated":true}]}}