{"id":4438,"date":"2015-03-30T01:20:02","date_gmt":"2015-03-29T18:20:02","guid":{"rendered":"https:\/\/ketoanminhkhai.webtogo.vn\/chinh-sach-bao-mat\/"},"modified":"2024-07-30T14:46:09","modified_gmt":"2024-07-30T07:46:09","slug":"privacy-policy","status":"publish","type":"page","link":"https:\/\/ketoanhcm.vn\/en\/privacy-policy\/","title":{"rendered":"Ch\u00ednh s\u00e1ch b\u1ea3o m\u1eadt"},"content":{"rendered":"[vc_row][vc_column width=&#8221;1\/1&#8243;][vc_column_text]\n<p style=\"text-align: justify;\">C\u1ea3m \u01a1n b\u1ea1n \u0111\u00e3 truy c\u1eadp v\u00e0o website ketoanhcm.vn \u0111\u01b0\u1ee3c v\u1eadn h\u00e0nh b\u1edfi C\u00f4ng Ty TNHH K\u1ebf To\u00e1n Minh Khai. Ch\u00fang t\u00f4i t\u00f4n tr\u1ecdng v\u00e0 cam k\u1ebft b\u1ea3o m\u1eadt t\u1ea5c c\u1ea3 th\u00f4ng tin c\u00e1 nh\u00e2n c\u1ee7a b\u1ea1n v\u00e0 doanh nghi\u1ec7p c\u1ee7a b\u1ea1n. Xin vui l\u00f2ng \u0111\u1ecdc k\u1ef9 ch\u00ednh s\u00e1ch b\u1ea3o m\u1eadt v\u00e0 \u0111i\u1ec1u kho\u1ea3n s\u1eed d\u1ee5ng \u0111\u1ec3 hi\u1ec3u r\u00f5 h\u01a1n nh\u1eefng cam k\u1ebft c\u1ee7a ch\u00fang t\u00f4i \u0111\u1ebfn ngu\u1eddi truy c\u1eadp v\u00e0 kh\u00e1ch h\u00e0ng.<\/p>\n<p style=\"text-align: justify;\">T\u00f4n tr\u1ecdng s\u1ef1 ri\u00eang t\u01b0 l\u00e0 \u01b0u ti\u00ean h\u00e0ng \u0111\u1ea7u c\u1ee7a ch\u00fang t\u00f4i, v\u00ec th\u1ebf b\u1ea1n c\u00f3 th\u1ec3 t\u1eeb ch\u1ed1i \u0111\u1ec3 l\u1ea1i th\u00f4ng tin ho\u1eb7c truy c\u1eadp v\u00e0o website \u1edf ch\u1ebf \u0111\u1ed9 \u1ea9n danh, khi \u0111\u00f3 ch\u00fang t\u00f4i s\u1ebd kh\u00f4ng bi\u1ebft b\u1ea1n l\u00e0 ai v\u00e0 c\u0169ng kh\u00f4ng th\u1ec3 c\u1eadp nh\u1eadp th\u00f4ng tin \u0111\u1ebfn b\u1ea1n.<\/p>\n[\/vc_column_text][\/vc_column][\/vc_row][vc_row][vc_column width=&#8221;1\/1&#8243;][vc_empty_space height=&#8221;12px&#8221;][\/vc_column][\/vc_row][vc_row][vc_column width=&#8221;1\/1&#8243;][ultimate_heading main_heading=&#8221;1. Thu nh\u1eadp th\u00f4ng tin c\u00e1 nh\u00e2n.&#8221; heading_tag=&#8221;h2&#8243; alignment=&#8221;left&#8221; spacer=&#8221;no_spacer&#8221; spacer_position=&#8221;top&#8221; spacer_img_width=&#8221;48&#8243; line_style=&#8221;solid&#8221; line_height=&#8221;1&#8243; line_color=&#8221;#333333&#8243; icon_type=&#8221;selector&#8221; icon_size=&#8221;32&#8243; icon_style=&#8221;none&#8221; icon_color_border=&#8221;#333333&#8243; icon_border_size=&#8221;1&#8243; icon_border_radius=&#8221;500&#8243; icon_border_spacing=&#8221;50&#8243; img_width=&#8221;48&#8243; line_icon_fixer=&#8221;10&#8243;][\/ultimate_heading][\/vc_column][\/vc_row][vc_row][vc_column width=&#8221;1\/1&#8243;][vc_empty_space height=&#8221;12px&#8221;][\/vc_column][\/vc_row][vc_row][vc_column width=&#8221;1\/1&#8243;][vc_column_text]\n<p style=\"text-align: justify;\">Ch\u00fang t\u00f4i thu th\u1eadp th\u00f4ng tin c\u1ee7a b\u1ea1n th\u00f4ng qua nhi\u1ec1u k\u00eanh kh\u00e1c nhau tr\u00ean website:<\/p>\n<p style=\"text-align: justify;\">Ch\u00fang t\u00f4i thu th\u1eadp v\u00e0 x\u1eef l\u00fd th\u00f4ng tin c\u1ee7a b\u1ea1n trong qu\u00e1 tr\u00ecnh h\u1ed7 tr\u1ee3 th\u00f4ng tin li\u00ean quan \u0111\u1ebfn d\u1ecbch v\u1ee5 c\u1ee7a ch\u00fang t\u00f4i.<\/p>\n<p style=\"text-align: justify;\">Ch\u00fang t\u00f4i l\u01b0u gi\u1eef th\u00f4ng tin khi b\u1ea1n \u0111\u0103ng k\u00fd nh\u1eadn b\u1ea3n tin v\u00e0 h\u1ed7 tr\u1ee3 download t\u00e0i li\u1ec7u t\u1eeb website.<\/p>\n<p style=\"text-align: justify;\">Ngo\u00e0i ra c\u00f3 th\u1ec3 ch\u00fang t\u00f4i s\u1ebd thu th\u1eadp d\u1eef li\u1ec7u trong qu\u00e1 tr\u00ecnh trao \u0111\u1ed5i giao ti\u1ebfp theo c\u00e1c h\u00ecnh th\u1ee9c kh\u00e1c.<\/p>\n[\/vc_column_text][\/vc_column][\/vc_row][vc_row][vc_column width=&#8221;1\/1&#8243;][vc_empty_space height=&#8221;12px&#8221;][\/vc_column][\/vc_row][vc_row][vc_column width=&#8221;1\/1&#8243;][ultimate_heading main_heading=&#8221;2. S\u1eed d\u1ee5ng th\u00f4ng tin c\u00e1 nh\u00e2n.&#8221; heading_tag=&#8221;h3&#8243; alignment=&#8221;left&#8221; spacer=&#8221;no_spacer&#8221; spacer_position=&#8221;top&#8221; spacer_img_width=&#8221;48&#8243; line_style=&#8221;solid&#8221; line_height=&#8221;1&#8243; line_color=&#8221;#333333&#8243; icon_type=&#8221;selector&#8221; icon_size=&#8221;32&#8243; icon_style=&#8221;none&#8221; icon_color_border=&#8221;#333333&#8243; icon_border_size=&#8221;1&#8243; icon_border_radius=&#8221;500&#8243; icon_border_spacing=&#8221;50&#8243; img_width=&#8221;48&#8243; line_icon_fixer=&#8221;10&#8243;][\/ultimate_heading][\/vc_column][\/vc_row][vc_row][vc_column width=&#8221;1\/1&#8243;][vc_empty_space height=&#8221;12px&#8221;][\/vc_column][\/vc_row][vc_row][vc_column width=&#8221;1\/1&#8243;][vc_column_text]\n<p style=\"text-align: justify;\">Th\u00f4ng tin s\u1ebd \u0111\u01b0\u1ee3c s\u1eef d\u1ee5ng trong c\u00e1c h\u00ecnh th\u1ee9c h\u1ed7 tr\u1ee3, gi\u1ea3i \u0111\u00e1p th\u1eafc m\u1eafc c\u1ee7a b\u1ea1n.<\/p>\n<p style=\"text-align: justify;\">C\u1eadp nh\u1eadp nh\u1eefng th\u00f4ng tin v\u00e0 chia s\u1ebd \u0111\u1ebfn b\u1ea1n v\u1ec1 nh\u1eefng th\u00f4ng t\u01b0, ngh\u1ecb \u0111\u1ecbnh hay c\u00e1c ch\u00ednh s\u00e1ch m\u1edbi c\u1ee7a c\u01a1 quan thu\u1ebf hi\u1ec7n h\u00e0nh.<\/p>\n<p style=\"text-align: justify;\">Trong m\u1ed9t s\u1ed1 tr\u01b0\u1eddng h\u1ee3p, ch\u00fang t\u00f4i c\u00f3 th\u1ec3 s\u1eef d\u1ee5ng th\u00f4ng tin c\u1ee7a b\u1ea1n \u0111\u1ec3 g\u1edfi mail, th\u01b0 ng\u1ecf, th\u01b0 kh\u1ea3o s\u00e1t \u0111\u1ebfn b\u1ea1n.<\/p>\n[\/vc_column_text][\/vc_column][\/vc_row][vc_row][vc_column width=&#8221;1\/1&#8243;][vc_empty_space height=&#8221;12px&#8221;][\/vc_column][\/vc_row][vc_row][vc_column width=&#8221;1\/1&#8243;][ultimate_heading main_heading=&#8221;3. Ch\u00ednh s\u00e1ch b\u1ea3o m\u1eadt th\u00f4ng tin.&#8221; heading_tag=&#8221;h4&#8243; alignment=&#8221;left&#8221; spacer=&#8221;no_spacer&#8221; spacer_position=&#8221;top&#8221; spacer_img_width=&#8221;48&#8243; line_style=&#8221;solid&#8221; line_height=&#8221;1&#8243; line_color=&#8221;#333333&#8243; icon_type=&#8221;selector&#8221; icon_size=&#8221;32&#8243; icon_style=&#8221;none&#8221; icon_color_border=&#8221;#333333&#8243; icon_border_size=&#8221;1&#8243; icon_border_radius=&#8221;500&#8243; icon_border_spacing=&#8221;50&#8243; img_width=&#8221;48&#8243; line_icon_fixer=&#8221;10&#8243;][\/ultimate_heading][\/vc_column][\/vc_row][vc_row][vc_column width=&#8221;1\/1&#8243;][vc_empty_space height=&#8221;12px&#8221;][\/vc_column][\/vc_row][vc_row][vc_column width=&#8221;1\/1&#8243;][vc_column_text]\n<p style=\"text-align: justify;\">Ch\u00fang t\u00f4i cam k\u1ebft b\u1ea3o m\u1eadt th\u00f4ng tin c\u1ee7a b\u1ea1n b\u1eb1ng m\u1ecdi c\u00e1ch c\u00f3 th\u1ec3, ch\u00fang t\u00f4i s\u1ebd \u00e1p d\u1ee5ng h\u1ec7 th\u1ed1ng c\u00f4ng ngh\u1ec7 t\u1ed1t nh\u1ea5t \u0111\u1ec3 l\u01b0u gi\u1eef v\u00e0 b\u1ea3o m\u1eadt.<\/p>\n<p style=\"text-align: justify;\">Cam k\u1ebft s\u1ebd kh\u00f4ng cung c\u1ea5p chia s\u1ebd th\u00f4ng tin cho b\u1ea5t k\u1ef3 b\u00ean th\u1ee9 3 n\u00e0o.<\/p>\n<p style=\"text-align: justify;\">Qu\u00fd kh\u00e1ch ho\u00e0n to\u00e0n c\u00f3 th\u1ebf y\u00eau c\u1ea7u ch\u00fang t\u00f4i x\u00f3a b\u1ecf th\u00f4ng tin v\u00e0 t\u1ea5c c\u1ea3 c\u00e1c th\u00f4ng tin kh\u00e1c li\u00ean quan \u0111\u1ebfn doanh nghi\u1ec7p c\u1ee7a b\u1ea1n tr\u00ean website.<\/p>\n<p style=\"text-align: justify;\">C\u00e1c \u0111i\u1ec1u kho\u1ea3n v\u00e0 \u0111i\u1ec1u ki\u1ec7n s\u1eef d\u1ee5ng n\u00e0y s\u1ebd tu\u00e2n th\u1ee7 theo h\u1ec7 th\u1ed1ng ph\u00e1p lu\u1eadt c\u1ee7a Vi\u1ec7t Nam.<\/p>\n[\/vc_column_text][\/vc_column][\/vc_row][vc_row][vc_column width=&#8221;1\/1&#8243;][vc_empty_space height=&#8221;12px&#8221;][\/vc_column][\/vc_row][vc_row][vc_column width=&#8221;1\/1&#8243;][ultimate_heading main_heading=&#8221;4. Th\u00f4ng tin li\u00ean h\u1ec7:&#8221; heading_tag=&#8221;h5&#8243; alignment=&#8221;left&#8221; spacer=&#8221;no_spacer&#8221; spacer_position=&#8221;top&#8221; spacer_img_width=&#8221;48&#8243; line_style=&#8221;solid&#8221; line_height=&#8221;1&#8243; line_color=&#8221;#333333&#8243; icon_type=&#8221;selector&#8221; icon_size=&#8221;32&#8243; icon_style=&#8221;none&#8221; icon_color_border=&#8221;#333333&#8243; icon_border_size=&#8221;1&#8243; icon_border_radius=&#8221;500&#8243; icon_border_spacing=&#8221;50&#8243; img_width=&#8221;48&#8243; line_icon_fixer=&#8221;10&#8243;][\/ultimate_heading][\/vc_column][\/vc_row][vc_row][vc_column width=&#8221;1\/1&#8243;][vc_empty_space height=&#8221;12px&#8221;][\/vc_column][\/vc_row][vc_row][vc_column width=&#8221;1\/1&#8243;][vc_column_text]\n<p style=\"text-align: justify;\">Ch\u00fang t\u00f4i hoan ngh\u00eanh m\u1ecdi th\u00f4ng tin ph\u1ea3n h\u1ed3i, \u00fd ki\u1ebfn c\u1ee7a b\u1ea1n v\u1ec1 ch\u00ednh s\u00e1ch b\u1ea3o m\u1eadt n\u00e0y. M\u1ecdi ph\u1ea3n h\u1ed3i xin vui l\u00f2ng g\u1edfi cho ch\u00fang t\u00f4i t\u1ea1i \u0111\u1ecba ch\u1ec9 email sau: info@ketoanhcm.vn<\/p>\n[\/vc_column_text][\/vc_column][\/vc_row][vc_row][vc_column width=&#8221;1\/1&#8243;][vc_empty_space height=&#8221;32px&#8221;][\/vc_column][\/vc_row]\n","protected":false},"excerpt":{"rendered":"[vc_row][vc_column width=&#8221;1\/1&#8243;][vc_column_text] C\u1ea3m \u01a1n b\u1ea1n \u0111\u00e3 truy c\u1eadp v\u00e0o website ketoanhcm.vn \u0111\u01b0\u1ee3c v\u1eadn h\u00e0nh b\u1edfi C\u00f4ng Ty TNHH K\u1ebf To\u00e1n Minh Khai. Ch\u00fang t\u00f4i t\u00f4n tr\u1ecdng v\u00e0 cam k\u1ebft b\u1ea3o m\u1eadt t\u1ea5c c\u1ea3 th\u00f4ng tin c\u00e1 nh\u00e2n c\u1ee7a b\u1ea1n v\u00e0 doanh nghi\u1ec7p c\u1ee7a b\u1ea1n. Xin vui l\u00f2ng \u0111\u1ecdc k\u1ef9 ch\u00ednh s\u00e1ch b\u1ea3o m\u1eadt v\u00e0 \u0111i\u1ec1u&#8230;<\/p>\n","protected":false},"author":43,"featured_media":0,"parent":0,"menu_order":0,"comment_status":"open","ping_status":"open","template":"","meta":{"_acf_changed":false,"footnotes":""},"class_list":["post-4438","page","type-page","status-publish","hentry"],"acf":[],"yoast_head":"<!-- This site is optimized with the Yoast SEO plugin v27.2 - https:\/\/yoast.com\/product\/yoast-seo-wordpress\/ -->\n<title>Privacy policy - Minh Khai Accounting<\/title>\n<meta name=\"description\" content=\"Ch\u00fang t\u00f4i t\u00f4n cam k\u1ebft b\u1ea3o m\u1eadt t\u1ea5c c\u1ea3 th\u00f4ng tin c\u00e1 nh\u00e2n c\u1ee7a b\u1ea1n. Xin vui l\u00f2ng \u0111\u1ecdc k\u1ef9 ch\u00ednh s\u00e1ch b\u1ea3o m\u1eadt v\u00e0 nh\u1eefng ch\u00ednh s\u00e1ch c\u1ee7a ch\u00fang t\u00f4i.\" \/>\n<meta name=\"robots\" content=\"index, follow, max-snippet:-1, max-image-preview:large, max-video-preview:-1\" \/>\n<link rel=\"canonical\" href=\"https:\/\/ketoanhcm.vn\/en\/privacy-policy\/\" \/>\n<meta property=\"og:locale\" content=\"en_US\" \/>\n<meta property=\"og:type\" content=\"article\" \/>\n<meta property=\"og:title\" content=\"Privacy policy - Minh Khai Accounting\" \/>\n<meta property=\"og:description\" content=\"Ch\u00fang t\u00f4i t\u00f4n cam k\u1ebft b\u1ea3o m\u1eadt t\u1ea5c c\u1ea3 th\u00f4ng tin c\u00e1 nh\u00e2n c\u1ee7a b\u1ea1n. Xin vui l\u00f2ng \u0111\u1ecdc k\u1ef9 ch\u00ednh s\u00e1ch b\u1ea3o m\u1eadt v\u00e0 nh\u1eefng ch\u00ednh s\u00e1ch c\u1ee7a ch\u00fang t\u00f4i.\" \/>\n<meta property=\"og:url\" content=\"https:\/\/ketoanhcm.vn\/en\/privacy-policy\/\" \/>\n<meta property=\"og:site_name\" content=\"Minh Khai Accounting Services\" \/>\n<meta property=\"article:modified_time\" content=\"2024-07-30T07:46:09+00:00\" \/>\n<meta name=\"twitter:label1\" content=\"Est. reading time\" \/>\n\t<meta name=\"twitter:data1\" content=\"1 minute\" \/>\n<script type=\"application\/ld+json\" class=\"yoast-schema-graph\">{\"@context\":\"https:\/\/schema.org\",\"@graph\":[{\"@type\":\"WebPage\",\"@id\":\"https:\/\/ketoanhcm.vn\/en\/privacy-policy\/\",\"url\":\"https:\/\/ketoanhcm.vn\/en\/privacy-policy\/\",\"name\":\"Privacy policy - Minh Khai Accounting\",\"isPartOf\":{\"@id\":\"https:\/\/ketoanhcm.vn\/#website\"},\"datePublished\":\"2015-03-29T18:20:02+00:00\",\"dateModified\":\"2024-07-30T07:46:09+00:00\",\"description\":\"Ch\u00fang t\u00f4i t\u00f4n cam k\u1ebft b\u1ea3o m\u1eadt t\u1ea5c c\u1ea3 th\u00f4ng tin c\u00e1 nh\u00e2n c\u1ee7a b\u1ea1n. Xin vui l\u00f2ng \u0111\u1ecdc k\u1ef9 ch\u00ednh s\u00e1ch b\u1ea3o m\u1eadt v\u00e0 nh\u1eefng ch\u00ednh s\u00e1ch c\u1ee7a ch\u00fang t\u00f4i.\",\"breadcrumb\":{\"@id\":\"https:\/\/ketoanhcm.vn\/en\/privacy-policy\/#breadcrumb\"},\"inLanguage\":\"en-US\",\"potentialAction\":[{\"@type\":\"ReadAction\",\"target\":[\"https:\/\/ketoanhcm.vn\/en\/privacy-policy\/\"]}]},{\"@type\":\"BreadcrumbList\",\"@id\":\"https:\/\/ketoanhcm.vn\/en\/privacy-policy\/#breadcrumb\",\"itemListElement\":[{\"@type\":\"ListItem\",\"position\":1,\"name\":\"Home\",\"item\":\"https:\/\/ketoanhcm.vn\/en\/\"},{\"@type\":\"ListItem\",\"position\":2,\"name\":\"Ch\u00ednh s\u00e1ch b\u1ea3o m\u1eadt\"}]},{\"@type\":\"WebSite\",\"@id\":\"https:\/\/ketoanhcm.vn\/#website\",\"url\":\"https:\/\/ketoanhcm.vn\/\",\"name\":\"Minh Khai Accounting Services\",\"description\":\"dich vu ke toan minh khai\",\"potentialAction\":[{\"@type\":\"SearchAction\",\"target\":{\"@type\":\"EntryPoint\",\"urlTemplate\":\"https:\/\/ketoanhcm.vn\/?s={search_term_string}\"},\"query-input\":{\"@type\":\"PropertyValueSpecification\",\"valueRequired\":true,\"valueName\":\"search_term_string\"}}],\"inLanguage\":\"en-US\"}]}<\/script>\n<!-- \/ Yoast SEO plugin. -->","yoast_head_json":{"title":"Privacy policy - Minh Khai Accounting","description":"Ch\u00fang t\u00f4i t\u00f4n cam k\u1ebft b\u1ea3o m\u1eadt t\u1ea5c c\u1ea3 th\u00f4ng tin c\u00e1 nh\u00e2n c\u1ee7a b\u1ea1n. Xin vui l\u00f2ng \u0111\u1ecdc k\u1ef9 ch\u00ednh s\u00e1ch b\u1ea3o m\u1eadt v\u00e0 nh\u1eefng ch\u00ednh s\u00e1ch c\u1ee7a ch\u00fang t\u00f4i.","robots":{"index":"index","follow":"follow","max-snippet":"max-snippet:-1","max-image-preview":"max-image-preview:large","max-video-preview":"max-video-preview:-1"},"canonical":"https:\/\/ketoanhcm.vn\/en\/privacy-policy\/","og_locale":"en_US","og_type":"article","og_title":"Privacy policy - Minh Khai Accounting","og_description":"Ch\u00fang t\u00f4i t\u00f4n cam k\u1ebft b\u1ea3o m\u1eadt t\u1ea5c c\u1ea3 th\u00f4ng tin c\u00e1 nh\u00e2n c\u1ee7a b\u1ea1n. Xin vui l\u00f2ng \u0111\u1ecdc k\u1ef9 ch\u00ednh s\u00e1ch b\u1ea3o m\u1eadt v\u00e0 nh\u1eefng ch\u00ednh s\u00e1ch c\u1ee7a ch\u00fang t\u00f4i.","og_url":"https:\/\/ketoanhcm.vn\/en\/privacy-policy\/","og_site_name":"Minh Khai Accounting Services","article_modified_time":"2024-07-30T07:46:09+00:00","twitter_misc":{"Est. reading time":"1 minute"},"schema":{"@context":"https:\/\/schema.org","@graph":[{"@type":"WebPage","@id":"https:\/\/ketoanhcm.vn\/en\/privacy-policy\/","url":"https:\/\/ketoanhcm.vn\/en\/privacy-policy\/","name":"Privacy policy - Minh Khai Accounting","isPartOf":{"@id":"https:\/\/ketoanhcm.vn\/#website"},"datePublished":"2015-03-29T18:20:02+00:00","dateModified":"2024-07-30T07:46:09+00:00","description":"Ch\u00fang t\u00f4i t\u00f4n cam k\u1ebft b\u1ea3o m\u1eadt t\u1ea5c c\u1ea3 th\u00f4ng tin c\u00e1 nh\u00e2n c\u1ee7a b\u1ea1n. Xin vui l\u00f2ng \u0111\u1ecdc k\u1ef9 ch\u00ednh s\u00e1ch b\u1ea3o m\u1eadt v\u00e0 nh\u1eefng ch\u00ednh s\u00e1ch c\u1ee7a ch\u00fang t\u00f4i.","breadcrumb":{"@id":"https:\/\/ketoanhcm.vn\/en\/privacy-policy\/#breadcrumb"},"inLanguage":"en-US","potentialAction":[{"@type":"ReadAction","target":["https:\/\/ketoanhcm.vn\/en\/privacy-policy\/"]}]},{"@type":"BreadcrumbList","@id":"https:\/\/ketoanhcm.vn\/en\/privacy-policy\/#breadcrumb","itemListElement":[{"@type":"ListItem","position":1,"name":"Home","item":"https:\/\/ketoanhcm.vn\/en\/"},{"@type":"ListItem","position":2,"name":"Ch\u00ednh s\u00e1ch b\u1ea3o m\u1eadt"}]},{"@type":"WebSite","@id":"https:\/\/ketoanhcm.vn\/#website","url":"https:\/\/ketoanhcm.vn\/","name":"Minh Khai Accounting Services","description":"dich vu ke toan minh khai","potentialAction":[{"@type":"SearchAction","target":{"@type":"EntryPoint","urlTemplate":"https:\/\/ketoanhcm.vn\/?s={search_term_string}"},"query-input":{"@type":"PropertyValueSpecification","valueRequired":true,"valueName":"search_term_string"}}],"inLanguage":"en-US"}]}},"_links":{"self":[{"href":"https:\/\/ketoanhcm.vn\/en\/wp-json\/wp\/v2\/pages\/4438","targetHints":{"allow":["GET"]}}],"collection":[{"href":"https:\/\/ketoanhcm.vn\/en\/wp-json\/wp\/v2\/pages"}],"about":[{"href":"https:\/\/ketoanhcm.vn\/en\/wp-json\/wp\/v2\/types\/page"}],"author":[{"embeddable":true,"href":"https:\/\/ketoanhcm.vn\/en\/wp-json\/wp\/v2\/users\/43"}],"replies":[{"embeddable":true,"href":"https:\/\/ketoanhcm.vn\/en\/wp-json\/wp\/v2\/comments?post=4438"}],"version-history":[{"count":4,"href":"https:\/\/ketoanhcm.vn\/en\/wp-json\/wp\/v2\/pages\/4438\/revisions"}],"predecessor-version":[{"id":4844,"href":"https:\/\/ketoanhcm.vn\/en\/wp-json\/wp\/v2\/pages\/4438\/revisions\/4844"}],"wp:attachment":[{"href":"https:\/\/ketoanhcm.vn\/en\/wp-json\/wp\/v2\/media?parent=4438"}],"curies":[{"name":"wp","href":"https:\/\/api.w.org\/{rel}","templated":true}]}}